{"id":17826,"date":"2025-04-02T10:42:35","date_gmt":"2025-04-02T10:42:35","guid":{"rendered":"https:\/\/www.pizzagirlpatrol.com\/pl\/?post_type=product&#038;p=17826"},"modified":"2025-11-13T02:59:04","modified_gmt":"2025-11-13T02:59:04","slug":"sycylia-na-wlasna-reke-dla-foodies","status":"publish","type":"product","link":"https:\/\/www.pizzagirlpatrol.com\/pl\/produkt\/sycylia-na-wlasna-reke-dla-foodies\/","title":{"rendered":"Amun\u00ec! Sycylia na w\u0142asn\u0105\u00a0r\u0119k\u0119. Najpi\u0119kniejsze miasta, pla\u017ce i zak\u0105tki + Sycylia Wschodnia i Zachodnia dla Foodies"},"content":{"rendered":"\n<h2 class=\"wp-block-heading has-text-align-center\">Pozw\u00f3l, \u017ce&nbsp;pomog\u0119 Ci&nbsp;prze\u017cy\u0107 najsmaczniejsze wakacje w&nbsp;Twoim \u017cyciu!\ud83c\udf55\ud83c\udf5d<\/h2>\n\n\n\n<h3 class=\"wp-block-heading\">Co dok\u0142adnie wchodzi w sk\u0142ad zestawu?<\/h3>\n\n\n\n<p style=\"line-height:2\">\ud83c\udf0d<strong>\u201cAmuni! Sycylia na&nbsp;w\u0142asn\u0105 r\u0119k\u0119\u201d<\/strong>&nbsp;\u2013 przewodnik po&nbsp;najpi\u0119kniejszych miastach, pla\u017cach i&nbsp;zak\u0105tkach ca\u0142ej Sycylii. Konkretne trasy, moje&nbsp;osobiste must-do i&nbsp;must-see w&nbsp;ka\u017cdym regionie, + tipy, jak porusza\u0107 si\u0119 bez&nbsp;auta i&nbsp;unikn\u0105\u0107 turystycznych pu\u0142apek.<\/p>\n\n\n\n<p style=\"line-height:2\">\ud83d\udccd <strong>\u201cOkolice Katanii \u2013 18 niezwyk\u0142ych miejsc, kt\u00f3re odkryjesz bez&nbsp;auta\u201d<\/strong><br>\ud83d\udccd <strong>\u201cOkolice Palermo \u2013 13 niezwyk\u0142ych miejsc, kt\u00f3re odkryjesz bez&nbsp;auta\u201d<\/strong><br>\u27a1\ufe0f&nbsp;Idealne na&nbsp;jednodniowe wycieczki \u2013 nie&nbsp;musisz wypo\u017cycza\u0107 auta, \u017ceby&nbsp;zobaczy\u0107 niesamowite miejsca!<\/p>\n\n\n\n<p>\ud83c\udf5d <strong>Zestaw wszystkich kulinarnych e-book\u00f3w<\/strong>, z&nbsp;kt\u00f3rymi w&nbsp;podr\u00f3\u017c ruszy\u0142o ju\u017c tysi\u0105ce os\u00f3b:<\/p>\n\n\n\n<p>\u2705<a href=\"https:\/\/www.pizzagirlpatrol.com\/pl\/produkt\/kulinarny-przewodnik-po-katanii-najlepsze-restauracje-pizzerie-bary\/\">Kulinarny przewodnik po <strong>Katanii <\/strong>\u2013 najlepsze restauracje, pizzerie, bary<\/a><\/p>\n\n\n\n<p>\u2705<strong>PANZA CHINA,<\/strong> czyli sycylijski spos\u00f3b na&nbsp;szcz\u0119\u015bcie. Przewodnik po&nbsp;najsmaczniejszych zak\u0105tkach Sycylii Wschodniej<\/p>\n\n\n\n<p>\u2705<a href=\"https:\/\/www.pizzagirlpatrol.com\/pl\/produkt\/palermo-przewodnik-kulinarny-najlepsze-restauracje-pizzerie-i-bary\/\"><strong>Palermo <\/strong>\u2013 przewodnik kulinarny. Najlepsze restauracje, pizzerie i bary<\/a><\/p>\n\n\n\n<p>\u2705<strong>Scialai- <\/strong>kulinarna pe\u0142nia szcz\u0119\u015bcia. Przewodnik po&nbsp;najsmaczniejszych zak\u0105tkach Sycylii Zachodniej<\/p>\n\n\n\n<ul class=\"wp-block-list\">\n<li>\u0142\u0105cznie <strong>ponad 200 rekomendacji najsmaczniejszych bar\u00f3w i&nbsp;restauracji na&nbsp;ca\u0142ej Sycylii, <\/strong>w&nbsp;kt\u00f3rych&nbsp;nie&nbsp;tylko&nbsp;doskonale zjesz i&nbsp;do\u015bwiadczysz autentycznej sycylijskiej atmosfery, ale&nbsp;kt\u00f3re te\u017c nie&nbsp;zrujnuj\u0105 Twojego&nbsp;portfela i&nbsp;pozwol\u0105 zaoszcz\u0119dzi\u0107,&nbsp;<\/li>\n\n\n\n<li><strong>ponad 750 stron<\/strong> unikatowych tre\u015bci o&nbsp;sycylijskiej kuchni i&nbsp;zwyczajach kulinarnych, niedost\u0119pnych w&nbsp;komercyjnych przewodnikach,&nbsp;<\/li>\n\n\n\n<li><strong>rekomendacje najpi\u0119kniejszych rooftop bar\u00f3w<\/strong> z&nbsp;romantycznymi widokami na&nbsp;morze i&nbsp;sycylijskie miasta,<\/li>\n\n\n\n<li>polecenia<strong> lokalnych trattorii i&nbsp;obiekt\u00f3w <\/strong>z&nbsp;najwy\u017cszej jako\u015bci sycylijskimi produktami poza utartym szlakiem, do&nbsp;kt\u00f3rych&nbsp;bez&nbsp;tego przewodnika raczej nie&nbsp;dotrzesz \ud83d\ude09<\/li>\n<\/ul>\n\n\n\n<p><\/p>\n","protected":false},"excerpt":{"rendered":"<h4>\ud83c\udf4b OPCJA PREMIUM: Sycylia na w\u0142asn\u0105 r\u0119k\u0119 + kulinarne e-booki dla prawdziwych smakoszy!<\/h4>\n<p>Masz ochot\u0119 pozna\u0107 Sycyli\u0119 od ka\u017cdej strony \u2013 nie tylko zachwyci\u0107 si\u0119 jej krajobrazami, ale te\u017c zje\u015b\u0107 jak prawdziwy Sycylijczyk i odkrywa\u0107 miejsca, o kt\u00f3rych nie pisze \u017caden klasyczny przewodnik? <strong>Ta opcja jest dla Ciebie!<\/strong><\/p>\n<p><strong>Co dok\u0142adnie znajdziesz w zestawie?<\/strong><\/p>\n<p>\ud83c\udf0d &#8220;<strong>Amuni! Sycylia na w\u0142asn\u0105 r\u0119k\u0119<\/strong>&#8221; \u2013 przewodnik po najpi\u0119kniejszych miastach, pla\u017cach i zak\u0105tkach ca\u0142ej Sycylii. Konkretne trasy, moje osobiste must-do i must-see w ka\u017cdym regionie, + tipy, jak porusza\u0107 si\u0119 bez auta i unikn\u0105\u0107 turystycznych pu\u0142apek.<\/p>\n<p>\ud83d\udccd &#8220;<strong>Okolice Katanii<\/strong> \u2013 18 niezwyk\u0142ych miejsc, kt\u00f3re odkryjesz bez auta&#8221;<\/p>\n<p>\ud83d\udccd &#8220;<strong>Okolice Palermo<\/strong> \u2013 13 niezwyk\u0142ych miejsc, kt\u00f3re odkryjesz bez auta&#8221;<\/p>\n<p>\u27a1\ufe0f Idealne na jednodniowe wycieczki \u2013 nie musisz wypo\u017cycza\u0107 auta, \u017ceby zobaczy\u0107 niesamowite miejsca!<\/p>\n<p>\ud83c\udf5d Zestaw <strong>wszystkich kulinarnych e-book\u00f3w<\/strong>, z kt\u00f3rymi w podr\u00f3\u017c ruszy\u0142o ju\u017c tysi\u0105ce os\u00f3b:<\/p>\n<p>\u2714\ufe0f Ponad 200 polece\u0144 restauracji, bar\u00f3w i trattorii na ca\u0142ej wyspie \u2013 od tanich pere\u0142ek po magiczne rooftop bary na zach\u00f3d s\u0142o\u0144ca,<\/p>\n<p>\u2714\ufe0f 750 stron pe\u0142nych smak\u00f3w Sycylii, kulinarnych zwyczaj\u00f3w, lokalnych rytua\u0142\u00f3w i sekret\u00f3w kuchni<\/p>\n<p>\u2714\ufe0f Miejsca, kt\u00f3re poznasz tylko dzi\u0119ki rozmowom z lokalsami \u2013 poza utartym szlakiem i z gwarancj\u0105 smaku<\/p>\n<p>\u2714\ufe0f Aktualizacje i dost\u0119p na zawsze \u2013 kupujesz raz, korzystasz ca\u0142y czas!<\/p>\n","protected":false},"featured_media":17827,"template":"","meta":{"site-sidebar-layout":"default","site-content-layout":"","ast-site-content-layout":"default","site-content-style":"default","site-sidebar-style":"default","ast-global-header-display":"","ast-banner-title-visibility":"","ast-main-header-display":"","ast-hfb-above-header-display":"","ast-hfb-below-header-display":"","ast-hfb-mobile-header-display":"","site-post-title":"","ast-breadcrumbs-content":"","ast-featured-img":"","footer-sml-layout":"","ast-disable-related-posts":"","theme-transparent-header-meta":"","adv-header-id-meta":"","stick-header-meta":"","header-above-stick-meta":"","header-main-stick-meta":"","header-below-stick-meta":"","astra-migrate-meta-layouts":"set","ast-page-background-enabled":"default","ast-page-background-meta":{"desktop":{"background-color":"","background-image":"","background-repeat":"repeat","background-position":"center center","background-size":"auto","background-attachment":"scroll","background-type":"","background-media":"","overlay-type":"","overlay-color":"","overlay-opacity":"","overlay-gradient":""},"tablet":{"background-color":"","background-image":"","background-repeat":"repeat","background-position":"center center","background-size":"auto","background-attachment":"scroll","background-type":"","background-media":"","overlay-type":"","overlay-color":"","overlay-opacity":"","overlay-gradient":""},"mobile":{"background-color":"","background-image":"","background-repeat":"repeat","background-position":"center center","background-size":"auto","background-attachment":"scroll","background-type":"","background-media":"","overlay-type":"","overlay-color":"","overlay-opacity":"","overlay-gradient":""}},"ast-content-background-meta":{"desktop":{"background-color":"var(--ast-global-color-5)","background-image":"","background-repeat":"repeat","background-position":"center center","background-size":"auto","background-attachment":"scroll","background-type":"","background-media":"","overlay-type":"","overlay-color":"","overlay-opacity":"","overlay-gradient":""},"tablet":{"background-color":"var(--ast-global-color-5)","background-image":"","background-repeat":"repeat","background-position":"center center","background-size":"auto","background-attachment":"scroll","background-type":"","background-media":"","overlay-type":"","overlay-color":"","overlay-opacity":"","overlay-gradient":""},"mobile":{"background-color":"var(--ast-global-color-5)","background-image":"","background-repeat":"repeat","background-position":"center center","background-size":"auto","background-attachment":"scroll","background-type":"","background-media":"","overlay-type":"","overlay-color":"","overlay-opacity":"","overlay-gradient":""}}},"product_brand":[],"product_cat":[2178,2270],"product_tag":[],"class_list":{"0":"post-17826","1":"product","2":"type-product","3":"status-publish","4":"has-post-thumbnail","6":"product_cat-e-booki","7":"product_cat-sycylia-wschodnia-i-zachodnia","8":"desktop-align-left","9":"tablet-align-left","10":"mobile-align-left","11":"ast-product-gallery-layout-horizontal-slider","12":"ast-product-tabs-layout-horizontal","14":"first","15":"instock","16":"downloadable","17":"virtual","18":"sold-individually","19":"taxable","20":"purchasable","21":"product-type-woosb"},"yoast_head":"<!-- This site is optimized with the Yoast SEO plugin v27.4 - https:\/\/yoast.com\/product\/yoast-seo-wordpress\/ -->\n<title>Amun\u00ec! Sycylia na w\u0142asn\u0105\u00a0r\u0119k\u0119. Najpi\u0119kniejsze miasta, pla\u017ce i zak\u0105tki + Sycylia Wschodnia i Zachodnia dla Foodies - Pizzagirlpatrol<\/title>\n<meta name=\"robots\" content=\"index, follow, max-snippet:-1, max-image-preview:large, max-video-preview:-1\" \/>\n<link rel=\"canonical\" href=\"https:\/\/www.pizzagirlpatrol.com\/pl\/produkt\/sycylia-na-wlasna-reke-dla-foodies\/\" \/>\n<meta property=\"og:locale\" content=\"pl_PL\" \/>\n<meta property=\"og:type\" content=\"article\" \/>\n<meta property=\"og:title\" content=\"Amun\u00ec! Sycylia na w\u0142asn\u0105\u00a0r\u0119k\u0119. Najpi\u0119kniejsze miasta, pla\u017ce i zak\u0105tki + Sycylia Wschodnia i Zachodnia dla Foodies - Pizzagirlpatrol\" \/>\n<meta property=\"og:description\" content=\"\ud83c\udf4b OPCJA PREMIUM: Sycylia na w\u0142asn\u0105 r\u0119k\u0119 + kulinarne e-booki dla prawdziwych smakoszy! Masz ochot\u0119 pozna\u0107 Sycyli\u0119 od ka\u017cdej strony \u2013 nie tylko zachwyci\u0107 si\u0119 jej krajobrazami, ale te\u017c zje\u015b\u0107 jak prawdziwy Sycylijczyk i odkrywa\u0107 miejsca, o kt\u00f3rych nie pisze \u017caden klasyczny przewodnik? Ta opcja jest dla Ciebie! Co dok\u0142adnie znajdziesz w zestawie? \ud83c\udf0d &quot;Amuni! Sycylia na w\u0142asn\u0105 r\u0119k\u0119&quot; \u2013 przewodnik po najpi\u0119kniejszych miastach, pla\u017cach i zak\u0105tkach ca\u0142ej Sycylii. Konkretne trasy, moje osobiste must-do i must-see w ka\u017cdym regionie, + tipy, jak porusza\u0107 si\u0119 bez auta i unikn\u0105\u0107 turystycznych pu\u0142apek. \ud83d\udccd &quot;Okolice Katanii \u2013 18 niezwyk\u0142ych miejsc, kt\u00f3re odkryjesz bez auta&quot; \ud83d\udccd &quot;Okolice Palermo \u2013 13 niezwyk\u0142ych miejsc, kt\u00f3re odkryjesz bez auta&quot; \u27a1\ufe0f Idealne na jednodniowe wycieczki \u2013 nie musisz wypo\u017cycza\u0107 auta, \u017ceby zobaczy\u0107 niesamowite miejsca! \ud83c\udf5d Zestaw wszystkich kulinarnych e-book\u00f3w, z kt\u00f3rymi w podr\u00f3\u017c ruszy\u0142o ju\u017c tysi\u0105ce os\u00f3b: \u2714\ufe0f Ponad 200 polece\u0144 restauracji, bar\u00f3w i trattorii na ca\u0142ej wyspie \u2013 od tanich pere\u0142ek po magiczne rooftop bary na zach\u00f3d s\u0142o\u0144ca, \u2714\ufe0f 750 stron pe\u0142nych smak\u00f3w Sycylii, kulinarnych zwyczaj\u00f3w, lokalnych rytua\u0142\u00f3w i sekret\u00f3w kuchni \u2714\ufe0f Miejsca, kt\u00f3re poznasz tylko dzi\u0119ki rozmowom z lokalsami \u2013 poza utartym szlakiem i z gwarancj\u0105 smaku \u2714\ufe0f Aktualizacje i dost\u0119p na zawsze \u2013 kupujesz raz, korzystasz ca\u0142y czas!\" \/>\n<meta property=\"og:url\" content=\"https:\/\/www.pizzagirlpatrol.com\/pl\/produkt\/sycylia-na-wlasna-reke-dla-foodies\/\" \/>\n<meta property=\"og:site_name\" content=\"Pizzagirlpatrol\" \/>\n<meta property=\"article:modified_time\" content=\"2025-11-13T02:59:04+00:00\" \/>\n<meta property=\"og:image\" content=\"https:\/\/www.pizzagirlpatrol.com\/pl\/wp-content\/uploads\/2025\/04\/Sycylia-na-wlasna-reke-\u2013-najpiekniejsze-miasta-plaze-i-zakatki-31.png\" \/>\n\t<meta property=\"og:image:width\" content=\"1080\" \/>\n\t<meta property=\"og:image:height\" content=\"1080\" \/>\n\t<meta property=\"og:image:type\" content=\"image\/png\" \/>\n<meta name=\"twitter:card\" content=\"summary_large_image\" \/>\n<meta name=\"twitter:label1\" content=\"Szacowany czas czytania\" \/>\n\t<meta name=\"twitter:data1\" content=\"2 minuty\" \/>\n<script type=\"application\/ld+json\" class=\"yoast-schema-graph\">{\"@context\":\"https:\\\/\\\/schema.org\",\"@graph\":[{\"@type\":\"WebPage\",\"@id\":\"https:\\\/\\\/www.pizzagirlpatrol.com\\\/pl\\\/produkt\\\/sycylia-na-wlasna-reke-dla-foodies\\\/\",\"url\":\"https:\\\/\\\/www.pizzagirlpatrol.com\\\/pl\\\/produkt\\\/sycylia-na-wlasna-reke-dla-foodies\\\/\",\"name\":\"Amun\u00ec! Sycylia na w\u0142asn\u0105\u00a0r\u0119k\u0119. Najpi\u0119kniejsze miasta, pla\u017ce i zak\u0105tki + Sycylia Wschodnia i Zachodnia dla Foodies - Pizzagirlpatrol\",\"isPartOf\":{\"@id\":\"https:\\\/\\\/www.pizzagirlpatrol.com\\\/pl\\\/#website\"},\"primaryImageOfPage\":{\"@id\":\"https:\\\/\\\/www.pizzagirlpatrol.com\\\/pl\\\/produkt\\\/sycylia-na-wlasna-reke-dla-foodies\\\/#primaryimage\"},\"image\":{\"@id\":\"https:\\\/\\\/www.pizzagirlpatrol.com\\\/pl\\\/produkt\\\/sycylia-na-wlasna-reke-dla-foodies\\\/#primaryimage\"},\"thumbnailUrl\":\"https:\\\/\\\/www.pizzagirlpatrol.com\\\/pl\\\/wp-content\\\/uploads\\\/2025\\\/04\\\/Sycylia-na-wlasna-reke-\u2013-najpiekniejsze-miasta-plaze-i-zakatki-31.png\",\"datePublished\":\"2025-04-02T10:42:35+00:00\",\"dateModified\":\"2025-11-13T02:59:04+00:00\",\"breadcrumb\":{\"@id\":\"https:\\\/\\\/www.pizzagirlpatrol.com\\\/pl\\\/produkt\\\/sycylia-na-wlasna-reke-dla-foodies\\\/#breadcrumb\"},\"inLanguage\":\"pl-PL\",\"potentialAction\":[{\"@type\":\"ReadAction\",\"target\":[\"https:\\\/\\\/www.pizzagirlpatrol.com\\\/pl\\\/produkt\\\/sycylia-na-wlasna-reke-dla-foodies\\\/\"]}]},{\"@type\":\"ImageObject\",\"inLanguage\":\"pl-PL\",\"@id\":\"https:\\\/\\\/www.pizzagirlpatrol.com\\\/pl\\\/produkt\\\/sycylia-na-wlasna-reke-dla-foodies\\\/#primaryimage\",\"url\":\"https:\\\/\\\/www.pizzagirlpatrol.com\\\/pl\\\/wp-content\\\/uploads\\\/2025\\\/04\\\/Sycylia-na-wlasna-reke-\u2013-najpiekniejsze-miasta-plaze-i-zakatki-31.png\",\"contentUrl\":\"https:\\\/\\\/www.pizzagirlpatrol.com\\\/pl\\\/wp-content\\\/uploads\\\/2025\\\/04\\\/Sycylia-na-wlasna-reke-\u2013-najpiekniejsze-miasta-plaze-i-zakatki-31.png\",\"width\":1080,\"height\":1080,\"caption\":\"Sycylia na w\u0142\u0105sn\u0105 r\u0119k\u0119 \u2013 pakiet\"},{\"@type\":\"BreadcrumbList\",\"@id\":\"https:\\\/\\\/www.pizzagirlpatrol.com\\\/pl\\\/produkt\\\/sycylia-na-wlasna-reke-dla-foodies\\\/#breadcrumb\",\"itemListElement\":[{\"@type\":\"ListItem\",\"position\":1,\"name\":\"Strona g\u0142\u00f3wna\",\"item\":\"https:\\\/\\\/www.pizzagirlpatrol.com\\\/pl\\\/\"},{\"@type\":\"ListItem\",\"position\":2,\"name\":\"Sklep\",\"item\":\"https:\\\/\\\/www.pizzagirlpatrol.com\\\/pl\\\/sklep2\\\/\"},{\"@type\":\"ListItem\",\"position\":3,\"name\":\"Amun\u00ec! Sycylia na w\u0142asn\u0105\u00a0r\u0119k\u0119. Najpi\u0119kniejsze miasta, pla\u017ce i zak\u0105tki + Sycylia Wschodnia i Zachodnia dla Foodies\"}]},{\"@type\":\"WebSite\",\"@id\":\"https:\\\/\\\/www.pizzagirlpatrol.com\\\/pl\\\/#website\",\"url\":\"https:\\\/\\\/www.pizzagirlpatrol.com\\\/pl\\\/\",\"name\":\"Pizzagirlpatrol\",\"description\":\"Blog o w\u0142oskiej kuchni, Sycylii i podr\u00f3\u017cach po W\u0142oszech\",\"publisher\":{\"@id\":\"https:\\\/\\\/www.pizzagirlpatrol.com\\\/pl\\\/#organization\"},\"potentialAction\":[{\"@type\":\"SearchAction\",\"target\":{\"@type\":\"EntryPoint\",\"urlTemplate\":\"https:\\\/\\\/www.pizzagirlpatrol.com\\\/pl\\\/?s={search_term_string}\"},\"query-input\":{\"@type\":\"PropertyValueSpecification\",\"valueRequired\":true,\"valueName\":\"search_term_string\"}}],\"inLanguage\":\"pl-PL\"},{\"@type\":\"Organization\",\"@id\":\"https:\\\/\\\/www.pizzagirlpatrol.com\\\/pl\\\/#organization\",\"name\":\"Pizzagirlpatrol\",\"url\":\"https:\\\/\\\/www.pizzagirlpatrol.com\\\/pl\\\/\",\"logo\":{\"@type\":\"ImageObject\",\"inLanguage\":\"pl-PL\",\"@id\":\"https:\\\/\\\/www.pizzagirlpatrol.com\\\/pl\\\/#\\\/schema\\\/logo\\\/image\\\/\",\"url\":\"https:\\\/\\\/www.pizzagirlpatrol.com\\\/new\\\/wp-content\\\/uploads\\\/2017\\\/11\\\/pizzagirlpatrol-footer-logo.png\",\"contentUrl\":\"https:\\\/\\\/www.pizzagirlpatrol.com\\\/new\\\/wp-content\\\/uploads\\\/2017\\\/11\\\/pizzagirlpatrol-footer-logo.png\",\"width\":285,\"height\":285,\"caption\":\"Pizzagirlpatrol\"},\"image\":{\"@id\":\"https:\\\/\\\/www.pizzagirlpatrol.com\\\/pl\\\/#\\\/schema\\\/logo\\\/image\\\/\"}}]}<\/script>\n<!-- \/ Yoast SEO plugin. -->","yoast_head_json":{"title":"Amun\u00ec! Sycylia na w\u0142asn\u0105\u00a0r\u0119k\u0119. Najpi\u0119kniejsze miasta, pla\u017ce i zak\u0105tki + Sycylia Wschodnia i Zachodnia dla Foodies - Pizzagirlpatrol","robots":{"index":"index","follow":"follow","max-snippet":"max-snippet:-1","max-image-preview":"max-image-preview:large","max-video-preview":"max-video-preview:-1"},"canonical":"https:\/\/www.pizzagirlpatrol.com\/pl\/produkt\/sycylia-na-wlasna-reke-dla-foodies\/","og_locale":"pl_PL","og_type":"article","og_title":"Amun\u00ec! Sycylia na w\u0142asn\u0105\u00a0r\u0119k\u0119. Najpi\u0119kniejsze miasta, pla\u017ce i zak\u0105tki + Sycylia Wschodnia i Zachodnia dla Foodies - Pizzagirlpatrol","og_description":"\ud83c\udf4b OPCJA PREMIUM: Sycylia na w\u0142asn\u0105 r\u0119k\u0119 + kulinarne e-booki dla prawdziwych smakoszy! Masz ochot\u0119 pozna\u0107 Sycyli\u0119 od ka\u017cdej strony \u2013 nie tylko zachwyci\u0107 si\u0119 jej krajobrazami, ale te\u017c zje\u015b\u0107 jak prawdziwy Sycylijczyk i odkrywa\u0107 miejsca, o kt\u00f3rych nie pisze \u017caden klasyczny przewodnik? Ta opcja jest dla Ciebie! Co dok\u0142adnie znajdziesz w zestawie? \ud83c\udf0d \"Amuni! Sycylia na w\u0142asn\u0105 r\u0119k\u0119\" \u2013 przewodnik po najpi\u0119kniejszych miastach, pla\u017cach i zak\u0105tkach ca\u0142ej Sycylii. Konkretne trasy, moje osobiste must-do i must-see w ka\u017cdym regionie, + tipy, jak porusza\u0107 si\u0119 bez auta i unikn\u0105\u0107 turystycznych pu\u0142apek. \ud83d\udccd \"Okolice Katanii \u2013 18 niezwyk\u0142ych miejsc, kt\u00f3re odkryjesz bez auta\" \ud83d\udccd \"Okolice Palermo \u2013 13 niezwyk\u0142ych miejsc, kt\u00f3re odkryjesz bez auta\" \u27a1\ufe0f Idealne na jednodniowe wycieczki \u2013 nie musisz wypo\u017cycza\u0107 auta, \u017ceby zobaczy\u0107 niesamowite miejsca! \ud83c\udf5d Zestaw wszystkich kulinarnych e-book\u00f3w, z kt\u00f3rymi w podr\u00f3\u017c ruszy\u0142o ju\u017c tysi\u0105ce os\u00f3b: \u2714\ufe0f Ponad 200 polece\u0144 restauracji, bar\u00f3w i trattorii na ca\u0142ej wyspie \u2013 od tanich pere\u0142ek po magiczne rooftop bary na zach\u00f3d s\u0142o\u0144ca, \u2714\ufe0f 750 stron pe\u0142nych smak\u00f3w Sycylii, kulinarnych zwyczaj\u00f3w, lokalnych rytua\u0142\u00f3w i sekret\u00f3w kuchni \u2714\ufe0f Miejsca, kt\u00f3re poznasz tylko dzi\u0119ki rozmowom z lokalsami \u2013 poza utartym szlakiem i z gwarancj\u0105 smaku \u2714\ufe0f Aktualizacje i dost\u0119p na zawsze \u2013 kupujesz raz, korzystasz ca\u0142y czas!","og_url":"https:\/\/www.pizzagirlpatrol.com\/pl\/produkt\/sycylia-na-wlasna-reke-dla-foodies\/","og_site_name":"Pizzagirlpatrol","article_modified_time":"2025-11-13T02:59:04+00:00","og_image":[{"width":1080,"height":1080,"url":"https:\/\/www.pizzagirlpatrol.com\/pl\/wp-content\/uploads\/2025\/04\/Sycylia-na-wlasna-reke-\u2013-najpiekniejsze-miasta-plaze-i-zakatki-31.png","type":"image\/png"}],"twitter_card":"summary_large_image","twitter_misc":{"Szacowany czas czytania":"2 minuty"},"schema":{"@context":"https:\/\/schema.org","@graph":[{"@type":"WebPage","@id":"https:\/\/www.pizzagirlpatrol.com\/pl\/produkt\/sycylia-na-wlasna-reke-dla-foodies\/","url":"https:\/\/www.pizzagirlpatrol.com\/pl\/produkt\/sycylia-na-wlasna-reke-dla-foodies\/","name":"Amun\u00ec! Sycylia na w\u0142asn\u0105\u00a0r\u0119k\u0119. Najpi\u0119kniejsze miasta, pla\u017ce i zak\u0105tki + Sycylia Wschodnia i Zachodnia dla Foodies - Pizzagirlpatrol","isPartOf":{"@id":"https:\/\/www.pizzagirlpatrol.com\/pl\/#website"},"primaryImageOfPage":{"@id":"https:\/\/www.pizzagirlpatrol.com\/pl\/produkt\/sycylia-na-wlasna-reke-dla-foodies\/#primaryimage"},"image":{"@id":"https:\/\/www.pizzagirlpatrol.com\/pl\/produkt\/sycylia-na-wlasna-reke-dla-foodies\/#primaryimage"},"thumbnailUrl":"https:\/\/www.pizzagirlpatrol.com\/pl\/wp-content\/uploads\/2025\/04\/Sycylia-na-wlasna-reke-\u2013-najpiekniejsze-miasta-plaze-i-zakatki-31.png","datePublished":"2025-04-02T10:42:35+00:00","dateModified":"2025-11-13T02:59:04+00:00","breadcrumb":{"@id":"https:\/\/www.pizzagirlpatrol.com\/pl\/produkt\/sycylia-na-wlasna-reke-dla-foodies\/#breadcrumb"},"inLanguage":"pl-PL","potentialAction":[{"@type":"ReadAction","target":["https:\/\/www.pizzagirlpatrol.com\/pl\/produkt\/sycylia-na-wlasna-reke-dla-foodies\/"]}]},{"@type":"ImageObject","inLanguage":"pl-PL","@id":"https:\/\/www.pizzagirlpatrol.com\/pl\/produkt\/sycylia-na-wlasna-reke-dla-foodies\/#primaryimage","url":"https:\/\/www.pizzagirlpatrol.com\/pl\/wp-content\/uploads\/2025\/04\/Sycylia-na-wlasna-reke-\u2013-najpiekniejsze-miasta-plaze-i-zakatki-31.png","contentUrl":"https:\/\/www.pizzagirlpatrol.com\/pl\/wp-content\/uploads\/2025\/04\/Sycylia-na-wlasna-reke-\u2013-najpiekniejsze-miasta-plaze-i-zakatki-31.png","width":1080,"height":1080,"caption":"Sycylia na w\u0142\u0105sn\u0105 r\u0119k\u0119 \u2013 pakiet"},{"@type":"BreadcrumbList","@id":"https:\/\/www.pizzagirlpatrol.com\/pl\/produkt\/sycylia-na-wlasna-reke-dla-foodies\/#breadcrumb","itemListElement":[{"@type":"ListItem","position":1,"name":"Strona g\u0142\u00f3wna","item":"https:\/\/www.pizzagirlpatrol.com\/pl\/"},{"@type":"ListItem","position":2,"name":"Sklep","item":"https:\/\/www.pizzagirlpatrol.com\/pl\/sklep2\/"},{"@type":"ListItem","position":3,"name":"Amun\u00ec! Sycylia na w\u0142asn\u0105\u00a0r\u0119k\u0119. Najpi\u0119kniejsze miasta, pla\u017ce i zak\u0105tki + Sycylia Wschodnia i Zachodnia dla Foodies"}]},{"@type":"WebSite","@id":"https:\/\/www.pizzagirlpatrol.com\/pl\/#website","url":"https:\/\/www.pizzagirlpatrol.com\/pl\/","name":"Pizzagirlpatrol","description":"Blog o w\u0142oskiej kuchni, Sycylii i podr\u00f3\u017cach po W\u0142oszech","publisher":{"@id":"https:\/\/www.pizzagirlpatrol.com\/pl\/#organization"},"potentialAction":[{"@type":"SearchAction","target":{"@type":"EntryPoint","urlTemplate":"https:\/\/www.pizzagirlpatrol.com\/pl\/?s={search_term_string}"},"query-input":{"@type":"PropertyValueSpecification","valueRequired":true,"valueName":"search_term_string"}}],"inLanguage":"pl-PL"},{"@type":"Organization","@id":"https:\/\/www.pizzagirlpatrol.com\/pl\/#organization","name":"Pizzagirlpatrol","url":"https:\/\/www.pizzagirlpatrol.com\/pl\/","logo":{"@type":"ImageObject","inLanguage":"pl-PL","@id":"https:\/\/www.pizzagirlpatrol.com\/pl\/#\/schema\/logo\/image\/","url":"https:\/\/www.pizzagirlpatrol.com\/new\/wp-content\/uploads\/2017\/11\/pizzagirlpatrol-footer-logo.png","contentUrl":"https:\/\/www.pizzagirlpatrol.com\/new\/wp-content\/uploads\/2017\/11\/pizzagirlpatrol-footer-logo.png","width":285,"height":285,"caption":"Pizzagirlpatrol"},"image":{"@id":"https:\/\/www.pizzagirlpatrol.com\/pl\/#\/schema\/logo\/image\/"}}]}},"_links":{"self":[{"href":"https:\/\/www.pizzagirlpatrol.com\/pl\/wp-json\/wp\/v2\/product\/17826","targetHints":{"allow":["GET"]}}],"collection":[{"href":"https:\/\/www.pizzagirlpatrol.com\/pl\/wp-json\/wp\/v2\/product"}],"about":[{"href":"https:\/\/www.pizzagirlpatrol.com\/pl\/wp-json\/wp\/v2\/types\/product"}],"wp:featuredmedia":[{"embeddable":true,"href":"https:\/\/www.pizzagirlpatrol.com\/pl\/wp-json\/wp\/v2\/media\/17827"}],"wp:attachment":[{"href":"https:\/\/www.pizzagirlpatrol.com\/pl\/wp-json\/wp\/v2\/media?parent=17826"}],"wp:term":[{"taxonomy":"product_brand","embeddable":true,"href":"https:\/\/www.pizzagirlpatrol.com\/pl\/wp-json\/wp\/v2\/product_brand?post=17826"},{"taxonomy":"product_cat","embeddable":true,"href":"https:\/\/www.pizzagirlpatrol.com\/pl\/wp-json\/wp\/v2\/product_cat?post=17826"},{"taxonomy":"product_tag","embeddable":true,"href":"https:\/\/www.pizzagirlpatrol.com\/pl\/wp-json\/wp\/v2\/product_tag?post=17826"}],"curies":[{"name":"wp","href":"https:\/\/api.w.org\/{rel}","templated":true}]}}