{"id":17791,"date":"2025-03-31T09:36:24","date_gmt":"2025-03-31T09:36:24","guid":{"rendered":"https:\/\/www.pizzagirlpatrol.com\/pl\/?post_type=product&#038;p=17791"},"modified":"2025-11-19T09:48:09","modified_gmt":"2025-11-19T09:48:09","slug":"sycylia-na-wlasna-reke","status":"publish","type":"product","link":"https:\/\/www.pizzagirlpatrol.com\/pl\/produkt\/sycylia-na-wlasna-reke\/","title":{"rendered":"Amun\u00ec! Sycylia na w\u0142asn\u0105 r\u0119k\u0119 &#8211; najpi\u0119kniejsze miejsca, pla\u017ce i zak\u0105tki"},"content":{"rendered":"\n<h2 class=\"wp-block-heading\">Czy Ty tak\u017ce marzysz o tym, by\u2026<\/h2>\n\n\n\n<p style=\"line-height:2\">\u2728 \u2026 zwiedzi\u0107 Sycyli\u0119 jak lokals, a nie jak typowy turysta z przewodnikiem w r\u0119ku?<br>\u2728 \u2026 odkry\u0107 najpi\u0119kniejsze pla\u017ce, miasteczka i zak\u0105tki wyspy w ka\u017cdym z region\u00f3w Sycylii?<br>\u2728 \u2026 zaoszcz\u0119dzi\u0107 godziny sp\u0119dzone na szukaniu informacji i mie\u0107 wszystko podane jak na tacy \u2013 w jednym miejscu?<br>\u2728 \u2026 poczu\u0107 autentyczn\u0105 atmosfer\u0119 po\u0142udniowych W\u0142och, bez frustracji i chaosu przy planowaniu podr\u00f3\u017cy?<br>\u2728 \u2026 wiedzie\u0107 dok\u0142adnie, jak porusza\u0107 si\u0119 po Sycylii transportem publicznym i co robi\u0107, aby nie traci\u0107 czasu i pieni\u0119dzy?<\/p>\n\n\n\n<h2 class=\"wp-block-heading\"><strong>Co zyskasz dzi\u0119ki temu przewodnikowi?<\/strong><\/h2>\n\n\n\n<p style=\"line-height:2\">\u2714\ufe0f Przestaniesz traci\u0107 godziny na przegl\u0105danie for\u00f3w i przypadkowych blog\u00f3w \u2013 otrzymasz sprawdzone informacje od osoby, kt\u00f3ra zna Sycyli\u0119 od podszewki!<br>\u2714\ufe0f Bez stresu zaplanujesz wyjazd i zwiedzanie \u2013 krok po kroku, z konkretnymi wskaz\u00f3wkami i praktycznymi trasami.<br>\u2714\ufe0f Odkryjesz ponad 230 miejsc \u2013 miasteczek, pla\u017c, rezerwat\u00f3w i atrakcji, kt\u00f3re sprawi\u0105, \u017ce zakochasz si\u0119 w tej wyspie.<br>\u2714\ufe0f Dowiesz si\u0119, jak porusza\u0107 si\u0119 po Sycylii bez auta \u2013 zdradz\u0119 Ci lokalne triki i sposoby, o kt\u00f3rych m\u00f3wi\u0105 tylko mieszka\u0144cy.<br>\u2714\ufe0f B\u0119dziesz mie\u0107 w r\u0119ku przewodnik, kt\u00f3ry sama przygotowa\u0142abym dla moich najbli\u017cszych znajomych przed ich podr\u00f3\u017c\u0105.<\/p>\n\n\n\n<h2 class=\"wp-block-heading\"><strong>Co wyr\u00f3\u017cnia ten przewodnik?<\/strong><\/h2>\n\n\n\n<p style=\"line-height:2\">\ud83d\udca1 Nie jest to klasyczny przewodnik, kt\u00f3ry wymienia tylko najbardziej znane atrakcje. Otrzymujesz m\u00f3j osobisty zbi\u00f3r rekomendacji \u2013 miejsc, kt\u00f3re sprawdzam od lat i kt\u00f3rych nie znajdziesz w pierwszym lepszym przewodniku.<br>\ud83d\udca1 Dostajesz sp\u00f3jny, praktyczny plan zwiedzania, kt\u00f3ry pomo\u017ce Ci lepiej wykorzysta\u0107 czas i unikn\u0105\u0107 pu\u0142apek turystycznych.<br>\ud83d\udca1 Zdradzam Ci konkretne rozwi\u0105zania dotycz\u0105ce transportu, bazuj\u0105c na moim wieloletnim do\u015bwiadczeniu \u2013 Sycylia to wyspa pe\u0142na niespodzianek, ale pomog\u0119 Ci si\u0119 w tym odnale\u017a\u0107!<\/p>\n\n\n\n<h4 class=\"wp-block-heading\" style=\"line-height:2\">\u274c Koniec z godzinami sp\u0119dzonymi na przeszukiwaniu internetu w poszukiwaniu rzetelnych informacji.<br>\u274c Zero stresu, \u017ce \u201eczego\u015b nie znajdziesz\u201d lub nie b\u0119dziesz wiedzie\u0107, jak tam dojecha\u0107 \u2013 w tym przewodniku masz wszystko pod r\u0119k\u0105.<br>\u274c Po\u017cegnaj si\u0119 z przypadkowym zwiedzaniem miejsc, kt\u00f3re nie robi\u0105 na Tobie wra\u017cenia.<\/h4>\n\n\n\n<h2 class=\"wp-block-heading\">Ten przewodnik jest dla Ciebie, je\u015bli\u2026<\/h2>\n\n\n\n<p style=\"line-height:2\">\u2705 Chcesz zwiedza\u0107 Sycyli\u0119 na w\u0142asnych zasadach \u2013 bez wycieczek z przewodnikiem i sztampowych atrakcji.<br>\u2705 Lubisz praktyczne porady i cenisz sprawdzone wskaz\u00f3wki od kogo\u015b, kto pozna\u0142 wysp\u0119 od podszewki.<br>\u2705 Szukasz inspiracji i gotowych plan\u00f3w podr\u00f3\u017cy \u2013 od kr\u00f3tkiego city breaka po d\u0142u\u017csz\u0105 wypraw\u0119 po Sycylii.<br>\u2705 Zale\u017cy Ci na do\u015bwiadczeniu prawdziwej Sycylii \u2013 bez lukru, za to z ca\u0142\u0105 jej autentyczno\u015bci\u0105 i urokiem.<\/p>\n\n\n\n<h2 class=\"wp-block-heading\">Ten przewodnik NIE jest dla Ciebie, je\u015bli\u2026<\/h2>\n\n\n\n<p style=\"line-height:2\">\ud83d\udeab Interesuj\u0105 Ci\u0119 tylko sucha historia, anegdoty i \u201eencyklopedyczne\u201d opisy zabytk\u00f3w (tutaj znajdziesz konkrety i praktyczne podpowiedzi \u2013 historie i anegdoty zostawi\u0142am mojej ksi\u0105\u017cce \ud83d\ude09).<br>\ud83d\udeab Chcesz zwiedza\u0107 wy\u0142\u0105cznie popularne atrakcje i nie zale\u017cy Ci na autentycznych do\u015bwiadczeniach.<br>\ud83d\udeab Nie lubisz odkrywa\u0107 nowych miejsc i wolisz trzyma\u0107 si\u0119 sztywno utartego turystycznego szlaku.<\/p>\n\n\n\n<h4 class=\"wp-block-heading\" style=\"line-height:2\">\u2714\ufe0f Przejrzysty i praktyczny przewodnik bez kulinarnych rekomendacji \u2013 znajdziesz tu wszystko o zwiedzaniu, pla\u017cach i ukrytych zak\u0105tkach. A je\u015bli chcesz pozna\u0107 moje sprawdzone polecenia bar\u00f3w i restauracji, <a href=\"https:\/\/www.pizzagirlpatrol.com\/pl\/produkt\/sycylia-na-wlasna-reke-dla-foodies\/\"><strong>skorzystaj z opcji zakupu rozszerzonej wersji z moimi bestsellerowymi przewodnikami kulinarnymi!<\/strong><\/a><\/h4>\n\n\n\n<div class=\"wp-block-buttons is-layout-flex wp-block-buttons-is-layout-flex\">\n<div class=\"wp-block-button\"><a class=\"wp-block-button__link wp-element-button\" href=\"https:\/\/www.pizzagirlpatrol.com\/pl\/produkt\/sycylia-na-wlasna-reke-dla-foodies\/\">SPRAWDZAM<\/a><\/div>\n<\/div>\n","protected":false},"excerpt":{"rendered":"<p>Chcesz zobaczy\u0107 Sycyli\u0119 poza szlakiem? Odkry\u0107 najpi\u0119kniejsze zak\u0105tki wyspy i podr\u00f3\u017cowa\u0107 swobodnie bez auta? Ten przewodnik pomo\u017ce Ci zorganizowa\u0107 wymarzon\u0105 podr\u00f3\u017c od A do Z!<\/p>\n<p><strong>Co znajdziesz w \u015brodku?<\/strong><br \/>\u2714\ufe0f Kompletny przewodnik po najciekawszych regionach <strong>Sycylii Wschodniej i Zachodniej<\/strong> (z wy\u0142\u0105czeniem Enny i Caltanissetty). <br \/>\u2714\ufe0f Ponad <strong>230 starannie opisanych miejsc<\/strong> \u2013 od najpi\u0119kniejszych miast (Katania, Palermo, Taormina, Syrakuzy, Noto, Ragusa, Agrigento, Trapani i wi\u0119cej!) po ukryte pla\u017ce, rezerwaty i autentyczne zak\u0105tki, kt\u00f3re polecam moim przyjacio\u0142om i najbli\u017cszym. <br \/>\u2714\ufe0f Pomys\u0142y na lokalne do\u015bwiadczenia i atrakcje w ka\u017cdym z region\u00f3w Sycylii \u2013 takie, kt\u00f3re <strong>pozwol\u0105 Ci poczu\u0107 prawdziwy klimat wyspy!<\/strong> <br \/>\u2714\ufe0f Szczeg\u00f3\u0142owe wskaz\u00f3wki, <strong>jak zwiedza\u0107 Sycyli\u0119 bez auta<\/strong> \u2013 praktyczne i sprawdzone! <br \/>\u2714\ufe0f <strong>Sekcja \u201eZanim wyruszysz\u201d<\/strong> \u2013 moje najlepsze porady o pogodzie, wyborze regionu na baz\u0119 noclegow\u0105, transportach, cenach, bezpiecze\u0144stwie i wiele wi\u0119cej. <br \/>\u2714\ufe0f Sprawdzone <strong>plany podr\u00f3\u017cy na 3, 7 i 10 dni<\/strong> \u2013 zar\u00f3wno dla Sycylii Wschodniej i Zachodniej, jak i dla samego Palermo i Katanii. <br \/>\u2714\ufe0f<strong> Interaktywny format<\/strong> \u2013 jednym klikni\u0119ciem przejdziesz do lokalizacji w Google Maps. <br \/>\u2714\ufe0f <strong>\u201eTipy od Pizza Girl Patrol\u201d<\/strong> \u2013 osobiste wskaz\u00f3wki i triki od osoby, kt\u00f3ra Sycyli\u0119 przemierzy\u0142a wzd\u0142u\u017c i wszerz!<\/p>\n<p><strong>\ud83c\udf81 BONUS: A\u017c 2 dodatkowe e-booki:<\/strong><\/p>\n<p>\u27a1\ufe0f \u201e<strong>Okolice Katanii<\/strong> \u2013 18 niezwyk\u0142ych miejsc, kt\u00f3re odkryjesz bez auta\u201d<br \/>\u27a1\ufe0f \u201e<strong>Okolice Palermo<\/strong> \u2013 13 niezwyk\u0142ych miejsc, kt\u00f3re odkryjesz bez auta\u201d Z praktycznymi wskaz\u00f3wkami, jak dotrze\u0107 w najpi\u0119kniejsze miejsca w okolicach Katanii i Palermo transportem publicznym o warto\u015bci 59 z\u0142!<\/p>\n","protected":false},"featured_media":18250,"template":"","meta":{"site-sidebar-layout":"default","site-content-layout":"","ast-site-content-layout":"default","site-content-style":"default","site-sidebar-style":"default","ast-global-header-display":"","ast-banner-title-visibility":"","ast-main-header-display":"","ast-hfb-above-header-display":"","ast-hfb-below-header-display":"","ast-hfb-mobile-header-display":"","site-post-title":"","ast-breadcrumbs-content":"","ast-featured-img":"","footer-sml-layout":"","ast-disable-related-posts":"","theme-transparent-header-meta":"","adv-header-id-meta":"","stick-header-meta":"","header-above-stick-meta":"","header-main-stick-meta":"","header-below-stick-meta":"","astra-migrate-meta-layouts":"set","ast-page-background-enabled":"default","ast-page-background-meta":{"desktop":{"background-color":"","background-image":"","background-repeat":"repeat","background-position":"center center","background-size":"auto","background-attachment":"scroll","background-type":"","background-media":"","overlay-type":"","overlay-color":"","overlay-opacity":"","overlay-gradient":""},"tablet":{"background-color":"","background-image":"","background-repeat":"repeat","background-position":"center center","background-size":"auto","background-attachment":"scroll","background-type":"","background-media":"","overlay-type":"","overlay-color":"","overlay-opacity":"","overlay-gradient":""},"mobile":{"background-color":"","background-image":"","background-repeat":"repeat","background-position":"center center","background-size":"auto","background-attachment":"scroll","background-type":"","background-media":"","overlay-type":"","overlay-color":"","overlay-opacity":"","overlay-gradient":""}},"ast-content-background-meta":{"desktop":{"background-color":"var(--ast-global-color-5)","background-image":"","background-repeat":"repeat","background-position":"center center","background-size":"auto","background-attachment":"scroll","background-type":"","background-media":"","overlay-type":"","overlay-color":"","overlay-opacity":"","overlay-gradient":""},"tablet":{"background-color":"var(--ast-global-color-5)","background-image":"","background-repeat":"repeat","background-position":"center center","background-size":"auto","background-attachment":"scroll","background-type":"","background-media":"","overlay-type":"","overlay-color":"","overlay-opacity":"","overlay-gradient":""},"mobile":{"background-color":"var(--ast-global-color-5)","background-image":"","background-repeat":"repeat","background-position":"center center","background-size":"auto","background-attachment":"scroll","background-type":"","background-media":"","overlay-type":"","overlay-color":"","overlay-opacity":"","overlay-gradient":""}}},"product_brand":[],"product_cat":[2178,2270],"product_tag":[],"class_list":{"0":"post-17791","1":"product","2":"type-product","3":"status-publish","4":"has-post-thumbnail","6":"product_cat-e-booki","7":"product_cat-sycylia-wschodnia-i-zachodnia","8":"desktop-align-left","9":"tablet-align-left","10":"mobile-align-left","11":"ast-product-gallery-layout-horizontal-slider","12":"ast-product-tabs-layout-horizontal","14":"first","15":"instock","16":"downloadable","17":"virtual","18":"sold-individually","19":"taxable","20":"purchasable","21":"product-type-simple"},"yoast_head":"<!-- This site is optimized with the Yoast SEO plugin v27.4 - https:\/\/yoast.com\/product\/yoast-seo-wordpress\/ -->\n<title>Amun\u00ec! Sycylia na w\u0142asn\u0105 r\u0119k\u0119 - najpi\u0119kniejsze miejsca, pla\u017ce i zak\u0105tki - Pizzagirlpatrol<\/title>\n<meta name=\"robots\" content=\"index, follow, max-snippet:-1, max-image-preview:large, max-video-preview:-1\" \/>\n<link rel=\"canonical\" href=\"https:\/\/www.pizzagirlpatrol.com\/pl\/produkt\/sycylia-na-wlasna-reke\/\" \/>\n<meta property=\"og:locale\" content=\"pl_PL\" \/>\n<meta property=\"og:type\" content=\"article\" \/>\n<meta property=\"og:title\" content=\"Amun\u00ec! Sycylia na w\u0142asn\u0105 r\u0119k\u0119 - najpi\u0119kniejsze miejsca, pla\u017ce i zak\u0105tki - Pizzagirlpatrol\" \/>\n<meta property=\"og:description\" content=\"Chcesz zobaczy\u0107 Sycyli\u0119 poza szlakiem? Odkry\u0107 najpi\u0119kniejsze zak\u0105tki wyspy i podr\u00f3\u017cowa\u0107 swobodnie bez auta? Ten przewodnik pomo\u017ce Ci zorganizowa\u0107 wymarzon\u0105 podr\u00f3\u017c od A do Z! Co znajdziesz w \u015brodku?\u2714\ufe0f Kompletny przewodnik po najciekawszych regionach Sycylii Wschodniej i Zachodniej (z wy\u0142\u0105czeniem Enny i Caltanissetty). \u2714\ufe0f Ponad 230 starannie opisanych miejsc \u2013 od najpi\u0119kniejszych miast (Katania, Palermo, Taormina, Syrakuzy, Noto, Ragusa, Agrigento, Trapani i wi\u0119cej!) po ukryte pla\u017ce, rezerwaty i autentyczne zak\u0105tki, kt\u00f3re polecam moim przyjacio\u0142om i najbli\u017cszym. \u2714\ufe0f Pomys\u0142y na lokalne do\u015bwiadczenia i atrakcje w ka\u017cdym z region\u00f3w Sycylii \u2013 takie, kt\u00f3re pozwol\u0105 Ci poczu\u0107 prawdziwy klimat wyspy! \u2714\ufe0f Szczeg\u00f3\u0142owe wskaz\u00f3wki, jak zwiedza\u0107 Sycyli\u0119 bez auta \u2013 praktyczne i sprawdzone! \u2714\ufe0f Sekcja \u201eZanim wyruszysz\u201d \u2013 moje najlepsze porady o pogodzie, wyborze regionu na baz\u0119 noclegow\u0105, transportach, cenach, bezpiecze\u0144stwie i wiele wi\u0119cej. \u2714\ufe0f Sprawdzone plany podr\u00f3\u017cy na 3, 7 i 10 dni \u2013 zar\u00f3wno dla Sycylii Wschodniej i Zachodniej, jak i dla samego Palermo i Katanii. \u2714\ufe0f Interaktywny format \u2013 jednym klikni\u0119ciem przejdziesz do lokalizacji w Google Maps. \u2714\ufe0f \u201eTipy od Pizza Girl Patrol\u201d \u2013 osobiste wskaz\u00f3wki i triki od osoby, kt\u00f3ra Sycyli\u0119 przemierzy\u0142a wzd\u0142u\u017c i wszerz! \ud83c\udf81 BONUS: A\u017c 2 dodatkowe e-booki: \u27a1\ufe0f \u201eOkolice Katanii \u2013 18 niezwyk\u0142ych miejsc, kt\u00f3re odkryjesz bez auta\u201d\u27a1\ufe0f \u201eOkolice Palermo \u2013 13 niezwyk\u0142ych miejsc, kt\u00f3re odkryjesz bez auta\u201d Z praktycznymi wskaz\u00f3wkami, jak dotrze\u0107 w najpi\u0119kniejsze miejsca w okolicach Katanii i Palermo transportem publicznym o warto\u015bci 59 z\u0142!\" \/>\n<meta property=\"og:url\" content=\"https:\/\/www.pizzagirlpatrol.com\/pl\/produkt\/sycylia-na-wlasna-reke\/\" \/>\n<meta property=\"og:site_name\" content=\"Pizzagirlpatrol\" \/>\n<meta property=\"article:modified_time\" content=\"2025-11-19T09:48:09+00:00\" \/>\n<meta property=\"og:image\" content=\"https:\/\/www.pizzagirlpatrol.com\/pl\/wp-content\/uploads\/2025\/03\/Sycylia-na-wlasna-reke-\u2013-najpiekniejsze-miasta-plaze-i-zakatki-1-1.png\" \/>\n\t<meta property=\"og:image:width\" content=\"600\" \/>\n\t<meta property=\"og:image:height\" content=\"800\" \/>\n\t<meta property=\"og:image:type\" content=\"image\/png\" \/>\n<meta name=\"twitter:card\" content=\"summary_large_image\" \/>\n<meta name=\"twitter:label1\" content=\"Szacowany czas czytania\" \/>\n\t<meta name=\"twitter:data1\" content=\"3 minuty\" \/>\n<script type=\"application\/ld+json\" class=\"yoast-schema-graph\">{\"@context\":\"https:\\\/\\\/schema.org\",\"@graph\":[{\"@type\":\"WebPage\",\"@id\":\"https:\\\/\\\/www.pizzagirlpatrol.com\\\/pl\\\/produkt\\\/sycylia-na-wlasna-reke\\\/\",\"url\":\"https:\\\/\\\/www.pizzagirlpatrol.com\\\/pl\\\/produkt\\\/sycylia-na-wlasna-reke\\\/\",\"name\":\"Amun\u00ec! Sycylia na w\u0142asn\u0105 r\u0119k\u0119 - najpi\u0119kniejsze miejsca, pla\u017ce i zak\u0105tki - Pizzagirlpatrol\",\"isPartOf\":{\"@id\":\"https:\\\/\\\/www.pizzagirlpatrol.com\\\/pl\\\/#website\"},\"primaryImageOfPage\":{\"@id\":\"https:\\\/\\\/www.pizzagirlpatrol.com\\\/pl\\\/produkt\\\/sycylia-na-wlasna-reke\\\/#primaryimage\"},\"image\":{\"@id\":\"https:\\\/\\\/www.pizzagirlpatrol.com\\\/pl\\\/produkt\\\/sycylia-na-wlasna-reke\\\/#primaryimage\"},\"thumbnailUrl\":\"https:\\\/\\\/www.pizzagirlpatrol.com\\\/pl\\\/wp-content\\\/uploads\\\/2025\\\/03\\\/Sycylia-na-wlasna-reke-\u2013-najpiekniejsze-miasta-plaze-i-zakatki-1-1.png\",\"datePublished\":\"2025-03-31T09:36:24+00:00\",\"dateModified\":\"2025-11-19T09:48:09+00:00\",\"breadcrumb\":{\"@id\":\"https:\\\/\\\/www.pizzagirlpatrol.com\\\/pl\\\/produkt\\\/sycylia-na-wlasna-reke\\\/#breadcrumb\"},\"inLanguage\":\"pl-PL\",\"potentialAction\":[{\"@type\":\"ReadAction\",\"target\":[\"https:\\\/\\\/www.pizzagirlpatrol.com\\\/pl\\\/produkt\\\/sycylia-na-wlasna-reke\\\/\"]}]},{\"@type\":\"ImageObject\",\"inLanguage\":\"pl-PL\",\"@id\":\"https:\\\/\\\/www.pizzagirlpatrol.com\\\/pl\\\/produkt\\\/sycylia-na-wlasna-reke\\\/#primaryimage\",\"url\":\"https:\\\/\\\/www.pizzagirlpatrol.com\\\/pl\\\/wp-content\\\/uploads\\\/2025\\\/03\\\/Sycylia-na-wlasna-reke-\u2013-najpiekniejsze-miasta-plaze-i-zakatki-1-1.png\",\"contentUrl\":\"https:\\\/\\\/www.pizzagirlpatrol.com\\\/pl\\\/wp-content\\\/uploads\\\/2025\\\/03\\\/Sycylia-na-wlasna-reke-\u2013-najpiekniejsze-miasta-plaze-i-zakatki-1-1.png\",\"width\":600,\"height\":800,\"caption\":\"przewodnik po sycylii\"},{\"@type\":\"BreadcrumbList\",\"@id\":\"https:\\\/\\\/www.pizzagirlpatrol.com\\\/pl\\\/produkt\\\/sycylia-na-wlasna-reke\\\/#breadcrumb\",\"itemListElement\":[{\"@type\":\"ListItem\",\"position\":1,\"name\":\"Strona g\u0142\u00f3wna\",\"item\":\"https:\\\/\\\/www.pizzagirlpatrol.com\\\/pl\\\/\"},{\"@type\":\"ListItem\",\"position\":2,\"name\":\"Sklep\",\"item\":\"https:\\\/\\\/www.pizzagirlpatrol.com\\\/pl\\\/sklep2\\\/\"},{\"@type\":\"ListItem\",\"position\":3,\"name\":\"Amun\u00ec! Sycylia na w\u0142asn\u0105 r\u0119k\u0119 &#8211; najpi\u0119kniejsze miejsca, pla\u017ce i zak\u0105tki\"}]},{\"@type\":\"WebSite\",\"@id\":\"https:\\\/\\\/www.pizzagirlpatrol.com\\\/pl\\\/#website\",\"url\":\"https:\\\/\\\/www.pizzagirlpatrol.com\\\/pl\\\/\",\"name\":\"Pizzagirlpatrol\",\"description\":\"Blog o w\u0142oskiej kuchni, Sycylii i podr\u00f3\u017cach po W\u0142oszech\",\"publisher\":{\"@id\":\"https:\\\/\\\/www.pizzagirlpatrol.com\\\/pl\\\/#organization\"},\"potentialAction\":[{\"@type\":\"SearchAction\",\"target\":{\"@type\":\"EntryPoint\",\"urlTemplate\":\"https:\\\/\\\/www.pizzagirlpatrol.com\\\/pl\\\/?s={search_term_string}\"},\"query-input\":{\"@type\":\"PropertyValueSpecification\",\"valueRequired\":true,\"valueName\":\"search_term_string\"}}],\"inLanguage\":\"pl-PL\"},{\"@type\":\"Organization\",\"@id\":\"https:\\\/\\\/www.pizzagirlpatrol.com\\\/pl\\\/#organization\",\"name\":\"Pizzagirlpatrol\",\"url\":\"https:\\\/\\\/www.pizzagirlpatrol.com\\\/pl\\\/\",\"logo\":{\"@type\":\"ImageObject\",\"inLanguage\":\"pl-PL\",\"@id\":\"https:\\\/\\\/www.pizzagirlpatrol.com\\\/pl\\\/#\\\/schema\\\/logo\\\/image\\\/\",\"url\":\"https:\\\/\\\/www.pizzagirlpatrol.com\\\/new\\\/wp-content\\\/uploads\\\/2017\\\/11\\\/pizzagirlpatrol-footer-logo.png\",\"contentUrl\":\"https:\\\/\\\/www.pizzagirlpatrol.com\\\/new\\\/wp-content\\\/uploads\\\/2017\\\/11\\\/pizzagirlpatrol-footer-logo.png\",\"width\":285,\"height\":285,\"caption\":\"Pizzagirlpatrol\"},\"image\":{\"@id\":\"https:\\\/\\\/www.pizzagirlpatrol.com\\\/pl\\\/#\\\/schema\\\/logo\\\/image\\\/\"}}]}<\/script>\n<!-- \/ Yoast SEO plugin. -->","yoast_head_json":{"title":"Amun\u00ec! Sycylia na w\u0142asn\u0105 r\u0119k\u0119 - najpi\u0119kniejsze miejsca, pla\u017ce i zak\u0105tki - Pizzagirlpatrol","robots":{"index":"index","follow":"follow","max-snippet":"max-snippet:-1","max-image-preview":"max-image-preview:large","max-video-preview":"max-video-preview:-1"},"canonical":"https:\/\/www.pizzagirlpatrol.com\/pl\/produkt\/sycylia-na-wlasna-reke\/","og_locale":"pl_PL","og_type":"article","og_title":"Amun\u00ec! Sycylia na w\u0142asn\u0105 r\u0119k\u0119 - najpi\u0119kniejsze miejsca, pla\u017ce i zak\u0105tki - Pizzagirlpatrol","og_description":"Chcesz zobaczy\u0107 Sycyli\u0119 poza szlakiem? Odkry\u0107 najpi\u0119kniejsze zak\u0105tki wyspy i podr\u00f3\u017cowa\u0107 swobodnie bez auta? Ten przewodnik pomo\u017ce Ci zorganizowa\u0107 wymarzon\u0105 podr\u00f3\u017c od A do Z! Co znajdziesz w \u015brodku?\u2714\ufe0f Kompletny przewodnik po najciekawszych regionach Sycylii Wschodniej i Zachodniej (z wy\u0142\u0105czeniem Enny i Caltanissetty). \u2714\ufe0f Ponad 230 starannie opisanych miejsc \u2013 od najpi\u0119kniejszych miast (Katania, Palermo, Taormina, Syrakuzy, Noto, Ragusa, Agrigento, Trapani i wi\u0119cej!) po ukryte pla\u017ce, rezerwaty i autentyczne zak\u0105tki, kt\u00f3re polecam moim przyjacio\u0142om i najbli\u017cszym. \u2714\ufe0f Pomys\u0142y na lokalne do\u015bwiadczenia i atrakcje w ka\u017cdym z region\u00f3w Sycylii \u2013 takie, kt\u00f3re pozwol\u0105 Ci poczu\u0107 prawdziwy klimat wyspy! \u2714\ufe0f Szczeg\u00f3\u0142owe wskaz\u00f3wki, jak zwiedza\u0107 Sycyli\u0119 bez auta \u2013 praktyczne i sprawdzone! \u2714\ufe0f Sekcja \u201eZanim wyruszysz\u201d \u2013 moje najlepsze porady o pogodzie, wyborze regionu na baz\u0119 noclegow\u0105, transportach, cenach, bezpiecze\u0144stwie i wiele wi\u0119cej. \u2714\ufe0f Sprawdzone plany podr\u00f3\u017cy na 3, 7 i 10 dni \u2013 zar\u00f3wno dla Sycylii Wschodniej i Zachodniej, jak i dla samego Palermo i Katanii. \u2714\ufe0f Interaktywny format \u2013 jednym klikni\u0119ciem przejdziesz do lokalizacji w Google Maps. \u2714\ufe0f \u201eTipy od Pizza Girl Patrol\u201d \u2013 osobiste wskaz\u00f3wki i triki od osoby, kt\u00f3ra Sycyli\u0119 przemierzy\u0142a wzd\u0142u\u017c i wszerz! \ud83c\udf81 BONUS: A\u017c 2 dodatkowe e-booki: \u27a1\ufe0f \u201eOkolice Katanii \u2013 18 niezwyk\u0142ych miejsc, kt\u00f3re odkryjesz bez auta\u201d\u27a1\ufe0f \u201eOkolice Palermo \u2013 13 niezwyk\u0142ych miejsc, kt\u00f3re odkryjesz bez auta\u201d Z praktycznymi wskaz\u00f3wkami, jak dotrze\u0107 w najpi\u0119kniejsze miejsca w okolicach Katanii i Palermo transportem publicznym o warto\u015bci 59 z\u0142!","og_url":"https:\/\/www.pizzagirlpatrol.com\/pl\/produkt\/sycylia-na-wlasna-reke\/","og_site_name":"Pizzagirlpatrol","article_modified_time":"2025-11-19T09:48:09+00:00","og_image":[{"width":600,"height":800,"url":"https:\/\/www.pizzagirlpatrol.com\/pl\/wp-content\/uploads\/2025\/03\/Sycylia-na-wlasna-reke-\u2013-najpiekniejsze-miasta-plaze-i-zakatki-1-1.png","type":"image\/png"}],"twitter_card":"summary_large_image","twitter_misc":{"Szacowany czas czytania":"3 minuty"},"schema":{"@context":"https:\/\/schema.org","@graph":[{"@type":"WebPage","@id":"https:\/\/www.pizzagirlpatrol.com\/pl\/produkt\/sycylia-na-wlasna-reke\/","url":"https:\/\/www.pizzagirlpatrol.com\/pl\/produkt\/sycylia-na-wlasna-reke\/","name":"Amun\u00ec! Sycylia na w\u0142asn\u0105 r\u0119k\u0119 - najpi\u0119kniejsze miejsca, pla\u017ce i zak\u0105tki - Pizzagirlpatrol","isPartOf":{"@id":"https:\/\/www.pizzagirlpatrol.com\/pl\/#website"},"primaryImageOfPage":{"@id":"https:\/\/www.pizzagirlpatrol.com\/pl\/produkt\/sycylia-na-wlasna-reke\/#primaryimage"},"image":{"@id":"https:\/\/www.pizzagirlpatrol.com\/pl\/produkt\/sycylia-na-wlasna-reke\/#primaryimage"},"thumbnailUrl":"https:\/\/www.pizzagirlpatrol.com\/pl\/wp-content\/uploads\/2025\/03\/Sycylia-na-wlasna-reke-\u2013-najpiekniejsze-miasta-plaze-i-zakatki-1-1.png","datePublished":"2025-03-31T09:36:24+00:00","dateModified":"2025-11-19T09:48:09+00:00","breadcrumb":{"@id":"https:\/\/www.pizzagirlpatrol.com\/pl\/produkt\/sycylia-na-wlasna-reke\/#breadcrumb"},"inLanguage":"pl-PL","potentialAction":[{"@type":"ReadAction","target":["https:\/\/www.pizzagirlpatrol.com\/pl\/produkt\/sycylia-na-wlasna-reke\/"]}]},{"@type":"ImageObject","inLanguage":"pl-PL","@id":"https:\/\/www.pizzagirlpatrol.com\/pl\/produkt\/sycylia-na-wlasna-reke\/#primaryimage","url":"https:\/\/www.pizzagirlpatrol.com\/pl\/wp-content\/uploads\/2025\/03\/Sycylia-na-wlasna-reke-\u2013-najpiekniejsze-miasta-plaze-i-zakatki-1-1.png","contentUrl":"https:\/\/www.pizzagirlpatrol.com\/pl\/wp-content\/uploads\/2025\/03\/Sycylia-na-wlasna-reke-\u2013-najpiekniejsze-miasta-plaze-i-zakatki-1-1.png","width":600,"height":800,"caption":"przewodnik po sycylii"},{"@type":"BreadcrumbList","@id":"https:\/\/www.pizzagirlpatrol.com\/pl\/produkt\/sycylia-na-wlasna-reke\/#breadcrumb","itemListElement":[{"@type":"ListItem","position":1,"name":"Strona g\u0142\u00f3wna","item":"https:\/\/www.pizzagirlpatrol.com\/pl\/"},{"@type":"ListItem","position":2,"name":"Sklep","item":"https:\/\/www.pizzagirlpatrol.com\/pl\/sklep2\/"},{"@type":"ListItem","position":3,"name":"Amun\u00ec! Sycylia na w\u0142asn\u0105 r\u0119k\u0119 &#8211; najpi\u0119kniejsze miejsca, pla\u017ce i zak\u0105tki"}]},{"@type":"WebSite","@id":"https:\/\/www.pizzagirlpatrol.com\/pl\/#website","url":"https:\/\/www.pizzagirlpatrol.com\/pl\/","name":"Pizzagirlpatrol","description":"Blog o w\u0142oskiej kuchni, Sycylii i podr\u00f3\u017cach po W\u0142oszech","publisher":{"@id":"https:\/\/www.pizzagirlpatrol.com\/pl\/#organization"},"potentialAction":[{"@type":"SearchAction","target":{"@type":"EntryPoint","urlTemplate":"https:\/\/www.pizzagirlpatrol.com\/pl\/?s={search_term_string}"},"query-input":{"@type":"PropertyValueSpecification","valueRequired":true,"valueName":"search_term_string"}}],"inLanguage":"pl-PL"},{"@type":"Organization","@id":"https:\/\/www.pizzagirlpatrol.com\/pl\/#organization","name":"Pizzagirlpatrol","url":"https:\/\/www.pizzagirlpatrol.com\/pl\/","logo":{"@type":"ImageObject","inLanguage":"pl-PL","@id":"https:\/\/www.pizzagirlpatrol.com\/pl\/#\/schema\/logo\/image\/","url":"https:\/\/www.pizzagirlpatrol.com\/new\/wp-content\/uploads\/2017\/11\/pizzagirlpatrol-footer-logo.png","contentUrl":"https:\/\/www.pizzagirlpatrol.com\/new\/wp-content\/uploads\/2017\/11\/pizzagirlpatrol-footer-logo.png","width":285,"height":285,"caption":"Pizzagirlpatrol"},"image":{"@id":"https:\/\/www.pizzagirlpatrol.com\/pl\/#\/schema\/logo\/image\/"}}]}},"_links":{"self":[{"href":"https:\/\/www.pizzagirlpatrol.com\/pl\/wp-json\/wp\/v2\/product\/17791","targetHints":{"allow":["GET"]}}],"collection":[{"href":"https:\/\/www.pizzagirlpatrol.com\/pl\/wp-json\/wp\/v2\/product"}],"about":[{"href":"https:\/\/www.pizzagirlpatrol.com\/pl\/wp-json\/wp\/v2\/types\/product"}],"wp:featuredmedia":[{"embeddable":true,"href":"https:\/\/www.pizzagirlpatrol.com\/pl\/wp-json\/wp\/v2\/media\/18250"}],"wp:attachment":[{"href":"https:\/\/www.pizzagirlpatrol.com\/pl\/wp-json\/wp\/v2\/media?parent=17791"}],"wp:term":[{"taxonomy":"product_brand","embeddable":true,"href":"https:\/\/www.pizzagirlpatrol.com\/pl\/wp-json\/wp\/v2\/product_brand?post=17791"},{"taxonomy":"product_cat","embeddable":true,"href":"https:\/\/www.pizzagirlpatrol.com\/pl\/wp-json\/wp\/v2\/product_cat?post=17791"},{"taxonomy":"product_tag","embeddable":true,"href":"https:\/\/www.pizzagirlpatrol.com\/pl\/wp-json\/wp\/v2\/product_tag?post=17791"}],"curies":[{"name":"wp","href":"https:\/\/api.w.org\/{rel}","templated":true}]}}