{"id":13791,"date":"2022-09-28T10:43:17","date_gmt":"2022-09-28T10:43:17","guid":{"rendered":"https:\/\/www.pizzagirlpatrol.com\/pl\/?post_type=product&#038;p=13791"},"modified":"2025-11-05T09:24:04","modified_gmt":"2025-11-05T09:24:04","slug":"palermo-przewodnik-kulinarny","status":"publish","type":"product","link":"https:\/\/www.pizzagirlpatrol.com\/pl\/produkt\/palermo-przewodnik-kulinarny\/","title":{"rendered":"Palermo &#8211; przewodnik kulinarny. Najlepsze restauracje, pizzerie i bary"},"content":{"rendered":"\n<h2 class=\"wp-block-heading\"><strong>Dlaczego warto zainwestowa\u0107 w jego zakup?&nbsp;<\/strong><\/h2>\n\n\n\n<ul class=\"wp-block-list\">\n<li>oszcz\u0119dzisz pieni\u0105dze wydane na niesmaczne jedzenie, polecane przez przypadkowe osoby w Internecie, kt\u00f3re sp\u0119dzi\u0142y w Palermo kilka dni i nie zd\u0105\u017cy\u0142y pozna\u0107 miasta od podszewki,&nbsp;<\/li>\n\n\n\n<li>oszcz\u0119dzisz czas, kt\u00f3ry musia\u0142by\u015b po\u015bwi\u0119ci\u0107 na przeszukiwanie Internetu odno\u015bnie tego co i gdzie zje\u015b\u0107 w Palermo,&nbsp;<\/li>\n\n\n\n<li>otrzymasz interaktywny produkt, dzi\u0119ki kt\u00f3remu wszystkie informacje o tym co i gdzie zje\u015b\u0107 w Palermo b\u0119dziesz mia\u0142 w jednym miejscu,&nbsp;<\/li>\n\n\n\n<li>p\u0142acisz raz, ale automatycznie dostajesz dost\u0119p do aktualizacji produktu w przysz\u0142o\u015bci &#8211; ci co kupili moje e-booki po wschodniej cz\u0119\u015bci Sycylii wiedz\u0105, \u017ce raz na jaki\u015b czas dokonuj\u0119 aktualizacji produktu, a klienci dostaj\u0105 j\u0105 p\u00f3\u017aniej na maila,&nbsp;<\/li>\n\n\n\n<li>skorzystasz ze sprawdzonych polece\u0144 osoby, kt\u00f3ra mieszka\u0142a w Palermo i po\u015bwi\u0119ci\u0142a du\u017co czasu na poszukiwanie najsmaczniejszych miejsc w Palermo oraz przeprowadzi\u0142a wiele rozm\u00f3w z Sycylijczykami na ten temat,<\/li>\n<\/ul>\n\n\n\n<h2 class=\"wp-block-heading\"><strong>Dzi\u0119ki e-bookowi dowiesz si\u0119:&nbsp;<\/strong><\/h2>\n\n\n\n<ul class=\"wp-block-list\">\n<li>gdzie znale\u017a\u0107 pyszne makarony w cenach 4 &#8211; 6 euro za porcj\u0119&nbsp;(podaj\u0119 kilka miejsc na nie!),<\/li>\n\n\n\n<li>gdzie znale\u017a\u0107 najlepsze rogaliki wype\u0142nione po brzegi kremem pistacjowym,<\/li>\n\n\n\n<li>gdzie zje\u015b\u0107 najlepsze pizze w Palermo (i nie, to nie jest Frida ;P),<\/li>\n\n\n\n<li>gdzie znale\u017a\u0107 przepyszn\u0105&nbsp;pizz\u0119 w kszta\u0142cie cannolo, wype\u0142nion\u0105 w \u015brodku mortadel\u0105 i mozzarell\u0105 di bufala, a z wierzchu serkiem stracciatella, kremem z pistacji z Bronte i ziarnkami pistacji,&nbsp;<\/li>\n\n\n\n<li>w jakiej pizzerii zap\u0142acisz za Margherit\u0119&nbsp;jedynie 5 euro,&nbsp;<\/li>\n\n\n\n<li>namiary na jedn\u0105 z najstarszych cukierni w Palermo i sycylijski deser, kt\u00f3ry znajdziecie tylko w niej,&nbsp;<\/li>\n\n\n\n<li>jak dotrze\u0107 do lokalu, z kt\u00f3rego rozpo\u015bciera si\u0119&nbsp;zapieraj\u0105cy dech w piersiach widok na Palermo,<\/li>\n\n\n\n<li>gdzie znajduje si\u0119 bar, w kt\u00f3rym serwowane s\u0105 personalizowane pyszne drinki przez charyzmatycznego barmana za jedyne 5 euro,&nbsp;<\/li>\n\n\n\n<li>gdzie w Palermo mo\u017cna napi\u0107 si\u0119 pysznego kraftowego piwa,&nbsp;<\/li>\n\n\n\n<li>w jakich miejscach wmieszasz si\u0119 w t\u0142um locals\u00f3w i poczujesz prawdziw\u0105, sycylijsk\u0105 atmosfer\u0119,<\/li>\n\n\n\n<li>w kt\u00f3rych restauracjach zje\u015b\u0107 smacznie i w przyzwoitych cenach,&nbsp;<\/li>\n<\/ul>\n\n\n\n<h2 class=\"wp-block-heading\"><strong>Dla kogo jest ten przewodnik?<\/strong><\/h2>\n\n\n\n<ul class=\"wp-block-list\">\n<li>dla os\u00f3b, kt\u00f3re wybieraj\u0105 si\u0119 do Palermo i chcia\u0142yby je pozna\u0107 od \u201ckuchni\u201d w mo\u017cliwie najbardziej autentyczny spos\u00f3b,&nbsp;<\/li>\n\n\n\n<li>dla mi\u0142o\u015bnik\u00f3w w\u0142oskiej kuchni i Sycylii,&nbsp;<\/li>\n\n\n\n<li>dla os\u00f3b, kt\u00f3re marz\u0105 o wycieczce na Sycyli\u0119,&nbsp;<\/li>\n\n\n\n<li>dla tych, kt\u00f3rzy z sycylijskiej kuchni kojarz\u0105 jedynie arancini i cannoli, a chcieliby odkry\u0107 znacznie wi\u0119cej,&nbsp;<\/li>\n\n\n\n<li>dla mi\u0142o\u015bnik\u00f3w sycylijskiej kultury, poniewa\u017c \u201djedzenie\u201d jest najlepszym sposobem na to, \u017ceby j\u0105 lepiej pozna\u0107&nbsp;<\/li>\n<\/ul>\n\n\n\n<h2 class=\"wp-block-heading\"><strong>Dla kogo NIE jest ten przewodnik?<\/strong><\/h2>\n\n\n\n<ul class=\"wp-block-list\">\n<li>dla os\u00f3b, dla kt\u00f3rych to, co i gdzie zjedz\u0105 nie ma wi\u0119kszego znaczenia,&nbsp;<\/li>\n\n\n\n<li>dla os\u00f3b, kt\u00f3re nie chc\u0105 poznawa\u0107 kraju od kulinarnej strony<\/li>\n<\/ul>\n","protected":false},"excerpt":{"rendered":"<p><strong>Wersja cyfrowa ksi\u0105\u017cki<\/strong><\/p>\n<p><strong>E-book w formacie PDF<\/strong><\/p>\n<p><strong>Liczba stron: 144<\/strong><\/p>\n<p><strong>Ostatnia aktualizacja: czerwiec 2025<\/strong><\/p>\n<h4>Co znajdziesz w Ebooku?<\/h4>\n<ul>\n<li><strong>60 opis\u00f3w sprawdzonych przeze mnie osobi\u015bcie<\/strong> <strong>miejsc w Palermo<\/strong>, w kt\u00f3rych nie tylko doskonale zjesz i do\u015bwiadczysz sycylijskiej atmosfery, ale kt\u00f3re te\u017c nie zrujnuj\u0105 Twojego portfela i oszcz\u0119dz\u0105 czas sp\u0119dzony na zastanawianiu si\u0119 gdzie dobrze zje\u015b\u0107!\u00a0<\/li>\n<li>ca\u0142y rozdzia\u0142 po\u015bwi\u0119cony temu <strong>czego koniecznie spr\u00f3bowa\u0107 w Palermo<\/strong> &#8211; opisy da\u0144, deser\u00f3w i street-foodu razem ze zdj\u0119ciami, ciekawostkami i legendami na ich temat,<\/li>\n<li><strong>ponad 170 moich autorskich zdj\u0119\u0107<\/strong> apetycznego sycylijskiego jedzenia i wn\u0119trz lokali,<\/li>\n<li>przy ka\u017cdym opisywanym miejscu znajduj\u0105 si\u0119 <strong>linki do lokalizacji w aplikacji Google Maps<\/strong>, kt\u00f3re umo\u017cliwiaj\u0105 interaktywne przej\u015bcie z Ebooka do Google Maps za pomoc\u0105 jednego klikni\u0119cia myszki,<\/li>\n<li>symbole, kt\u00f3re dadz\u0105 pogl\u0105d <strong>jakich mniej wi\u0119cej cen spodziewa\u0107 si\u0119 w lokalu (niskie, \u015brednie lub wysokie)<\/strong>, na podstawie mojej subiektywnej opinii,<\/li>\n<li>pi\u0119kn\u0105 opraw\u0119 graficzn\u0105, kt\u00f3ra umili Ci kulinarn\u0105 podr\u00f3\u017c w g\u0142\u0105b Sycylii,<\/li>\n<li>interaktywny spis tre\u015bci, kt\u00f3ry u\u0142atwi Ci czytanie eBooka<\/li>\n<li>moje cenne wskaz\u00f3wki dotycz\u0105ce tego, jakich sycylijskich specja\u0142\u00f3w warto spr\u00f3bowa\u0107 w poszczeg\u00f3lnych miejscach.<\/li>\n<\/ul>\n<p><strong>Decyduj\u0105c si\u0119 na zakup tego ebooka dostajesz dost\u0119p do unikatowych, cz\u0119sto aktualizowanych tre\u015bci, niedost\u0119pnych w komercyjnych przewodnikach.<\/strong><\/p>\n<p>Po dokonaniu zap\u0142aty dostaniesz maila, w kt\u00f3rym b\u0119dzie link, za pomoc\u0105 kt\u00f3rego pobierzesz e-book. Je\u015bli wybierzesz \u201cprzelewy24\u201d to e-mail z ebookiem pojawi si\u0119 na Twojej skrzynce od razu po dokonaniu wp\u0142aty. Uwa\u017caj na liter\u00f3wki przy wpisywaniu swojego adresu e-mail.<\/p>\n<p>W razie problem\u00f3w z pobraniem e-booka napisz do mnie e-maila\u00a0<a href=\"mailto:info@pizzagirlpatrol.com\">info@pizzagirlpatrol.com<\/a>.<\/p>\n<p><strong>Jeden posi\u0142ek w \u017ale wybranej restauracji b\u0119dzie kosztowa\u0142 Ci\u0119 prawdopodobnie wi\u0119cej ni\u017c zakup mojego e-booka, w kt\u00f3rym dostaniesz dost\u0119p do dziesi\u0105tek sprawdzonych miejsc na Sycylii. Wybierz m\u0105drze! <img decoding=\"async\" class=\"emoji\" role=\"img\" draggable=\"false\" src=\"https:\/\/s.w.org\/images\/core\/emoji\/14.0.0\/svg\/1f609.svg\" alt=\"\ud83d\ude09\" \/>\u00a0<\/strong><\/p>\n","protected":false},"featured_media":15990,"template":"","meta":{"site-sidebar-layout":"default","site-content-layout":"","ast-site-content-layout":"default","site-content-style":"default","site-sidebar-style":"default","ast-global-header-display":"","ast-banner-title-visibility":"","ast-main-header-display":"","ast-hfb-above-header-display":"","ast-hfb-below-header-display":"","ast-hfb-mobile-header-display":"","site-post-title":"","ast-breadcrumbs-content":"","ast-featured-img":"","footer-sml-layout":"","ast-disable-related-posts":"","theme-transparent-header-meta":"","adv-header-id-meta":"","stick-header-meta":"","header-above-stick-meta":"","header-main-stick-meta":"","header-below-stick-meta":"","astra-migrate-meta-layouts":"set","ast-page-background-enabled":"default","ast-page-background-meta":{"desktop":{"background-color":"","background-image":"","background-repeat":"repeat","background-position":"center center","background-size":"auto","background-attachment":"scroll","background-type":"","background-media":"","overlay-type":"","overlay-color":"","overlay-opacity":"","overlay-gradient":""},"tablet":{"background-color":"","background-image":"","background-repeat":"repeat","background-position":"center center","background-size":"auto","background-attachment":"scroll","background-type":"","background-media":"","overlay-type":"","overlay-color":"","overlay-opacity":"","overlay-gradient":""},"mobile":{"background-color":"","background-image":"","background-repeat":"repeat","background-position":"center center","background-size":"auto","background-attachment":"scroll","background-type":"","background-media":"","overlay-type":"","overlay-color":"","overlay-opacity":"","overlay-gradient":""}},"ast-content-background-meta":{"desktop":{"background-color":"var(--ast-global-color-5)","background-image":"","background-repeat":"repeat","background-position":"center center","background-size":"auto","background-attachment":"scroll","background-type":"","background-media":"","overlay-type":"","overlay-color":"","overlay-opacity":"","overlay-gradient":""},"tablet":{"background-color":"var(--ast-global-color-5)","background-image":"","background-repeat":"repeat","background-position":"center center","background-size":"auto","background-attachment":"scroll","background-type":"","background-media":"","overlay-type":"","overlay-color":"","overlay-opacity":"","overlay-gradient":""},"mobile":{"background-color":"var(--ast-global-color-5)","background-image":"","background-repeat":"repeat","background-position":"center center","background-size":"auto","background-attachment":"scroll","background-type":"","background-media":"","overlay-type":"","overlay-color":"","overlay-opacity":"","overlay-gradient":""}}},"product_brand":[],"product_cat":[2269],"product_tag":[],"class_list":{"0":"post-13791","1":"product","2":"type-product","3":"status-publish","4":"has-post-thumbnail","6":"product_cat-sycylia-zachodnia","7":"desktop-align-left","8":"tablet-align-left","9":"mobile-align-left","10":"ast-product-gallery-layout-horizontal-slider","11":"ast-product-tabs-layout-horizontal","13":"first","14":"instock","15":"downloadable","16":"virtual","17":"sold-individually","18":"taxable","19":"purchasable","20":"product-type-simple"},"yoast_head":"<!-- This site is optimized with the Yoast SEO plugin v27.4 - https:\/\/yoast.com\/product\/yoast-seo-wordpress\/ -->\n<title>Palermo - przewodnik kulinarny. Najlepsze restauracje, pizzerie i bary - Pizzagirlpatrol<\/title>\n<meta name=\"robots\" content=\"index, follow, max-snippet:-1, max-image-preview:large, max-video-preview:-1\" \/>\n<link rel=\"canonical\" href=\"https:\/\/www.pizzagirlpatrol.com\/pl\/produkt\/palermo-przewodnik-kulinarny\/\" \/>\n<meta property=\"og:locale\" content=\"pl_PL\" \/>\n<meta property=\"og:type\" content=\"article\" \/>\n<meta property=\"og:title\" content=\"Palermo - przewodnik kulinarny. Najlepsze restauracje, pizzerie i bary - Pizzagirlpatrol\" \/>\n<meta property=\"og:description\" content=\"Wersja cyfrowa ksi\u0105\u017cki E-book w formacie PDF Liczba stron: 144 Ostatnia aktualizacja: czerwiec 2025 Co znajdziesz w Ebooku?  60 opis\u00f3w sprawdzonych przeze mnie osobi\u015bcie miejsc w Palermo, w kt\u00f3rych nie tylko doskonale zjesz i do\u015bwiadczysz sycylijskiej atmosfery, ale kt\u00f3re te\u017c nie zrujnuj\u0105 Twojego portfela i oszcz\u0119dz\u0105 czas sp\u0119dzony na zastanawianiu si\u0119 gdzie dobrze zje\u015b\u0107!\u00a0 ca\u0142y rozdzia\u0142 po\u015bwi\u0119cony temu czego koniecznie spr\u00f3bowa\u0107 w Palermo - opisy da\u0144, deser\u00f3w i street-foodu razem ze zdj\u0119ciami, ciekawostkami i legendami na ich temat, ponad 170 moich autorskich zdj\u0119\u0107 apetycznego sycylijskiego jedzenia i wn\u0119trz lokali, przy ka\u017cdym opisywanym miejscu znajduj\u0105 si\u0119 linki do lokalizacji w aplikacji Google Maps, kt\u00f3re umo\u017cliwiaj\u0105 interaktywne przej\u015bcie z Ebooka do Google Maps za pomoc\u0105 jednego klikni\u0119cia myszki, symbole, kt\u00f3re dadz\u0105 pogl\u0105d jakich mniej wi\u0119cej cen spodziewa\u0107 si\u0119 w lokalu (niskie, \u015brednie lub wysokie), na podstawie mojej subiektywnej opinii, pi\u0119kn\u0105 opraw\u0119 graficzn\u0105, kt\u00f3ra umili Ci kulinarn\u0105 podr\u00f3\u017c w g\u0142\u0105b Sycylii, interaktywny spis tre\u015bci, kt\u00f3ry u\u0142atwi Ci czytanie eBooka moje cenne wskaz\u00f3wki dotycz\u0105ce tego, jakich sycylijskich specja\u0142\u00f3w warto spr\u00f3bowa\u0107 w poszczeg\u00f3lnych miejscach.  Decyduj\u0105c si\u0119 na zakup tego ebooka dostajesz dost\u0119p do unikatowych, cz\u0119sto aktualizowanych tre\u015bci, niedost\u0119pnych w komercyjnych przewodnikach. Po dokonaniu zap\u0142aty dostaniesz maila, w kt\u00f3rym b\u0119dzie link, za pomoc\u0105 kt\u00f3rego pobierzesz e-book. Je\u015bli wybierzesz \u201cprzelewy24\u201d to e-mail z ebookiem pojawi si\u0119 na Twojej skrzynce od razu po dokonaniu wp\u0142aty. Uwa\u017caj na liter\u00f3wki przy wpisywaniu swojego adresu e-mail. W razie problem\u00f3w z pobraniem e-booka napisz do mnie e-maila\u00a0info@pizzagirlpatrol.com. Jeden posi\u0142ek w \u017ale wybranej restauracji b\u0119dzie kosztowa\u0142 Ci\u0119 prawdopodobnie wi\u0119cej ni\u017c zakup mojego e-booka, w kt\u00f3rym dostaniesz dost\u0119p do dziesi\u0105tek sprawdzonych miejsc na Sycylii. Wybierz m\u0105drze! \u00a0\" \/>\n<meta property=\"og:url\" content=\"https:\/\/www.pizzagirlpatrol.com\/pl\/produkt\/palermo-przewodnik-kulinarny\/\" \/>\n<meta property=\"og:site_name\" content=\"Pizzagirlpatrol\" \/>\n<meta property=\"article:modified_time\" content=\"2025-11-05T09:24:04+00:00\" \/>\n<meta property=\"og:image\" content=\"https:\/\/www.pizzagirlpatrol.com\/pl\/wp-content\/uploads\/2024\/03\/palermo-przeowdnik-kulinarny-cover.png\" \/>\n\t<meta property=\"og:image:width\" content=\"773\" \/>\n\t<meta property=\"og:image:height\" content=\"1071\" \/>\n\t<meta property=\"og:image:type\" content=\"image\/png\" \/>\n<meta name=\"twitter:card\" content=\"summary_large_image\" \/>\n<meta name=\"twitter:label1\" content=\"Szacowany czas czytania\" \/>\n\t<meta name=\"twitter:data1\" content=\"3 minuty\" \/>\n<script type=\"application\/ld+json\" class=\"yoast-schema-graph\">{\"@context\":\"https:\\\/\\\/schema.org\",\"@graph\":[{\"@type\":\"WebPage\",\"@id\":\"https:\\\/\\\/www.pizzagirlpatrol.com\\\/pl\\\/produkt\\\/palermo-przewodnik-kulinarny\\\/\",\"url\":\"https:\\\/\\\/www.pizzagirlpatrol.com\\\/pl\\\/produkt\\\/palermo-przewodnik-kulinarny\\\/\",\"name\":\"Palermo - przewodnik kulinarny. Najlepsze restauracje, pizzerie i bary - Pizzagirlpatrol\",\"isPartOf\":{\"@id\":\"https:\\\/\\\/www.pizzagirlpatrol.com\\\/pl\\\/#website\"},\"primaryImageOfPage\":{\"@id\":\"https:\\\/\\\/www.pizzagirlpatrol.com\\\/pl\\\/produkt\\\/palermo-przewodnik-kulinarny\\\/#primaryimage\"},\"image\":{\"@id\":\"https:\\\/\\\/www.pizzagirlpatrol.com\\\/pl\\\/produkt\\\/palermo-przewodnik-kulinarny\\\/#primaryimage\"},\"thumbnailUrl\":\"https:\\\/\\\/www.pizzagirlpatrol.com\\\/pl\\\/wp-content\\\/uploads\\\/2024\\\/03\\\/palermo-przeowdnik-kulinarny-cover.png\",\"datePublished\":\"2022-09-28T10:43:17+00:00\",\"dateModified\":\"2025-11-05T09:24:04+00:00\",\"breadcrumb\":{\"@id\":\"https:\\\/\\\/www.pizzagirlpatrol.com\\\/pl\\\/produkt\\\/palermo-przewodnik-kulinarny\\\/#breadcrumb\"},\"inLanguage\":\"pl-PL\",\"potentialAction\":[{\"@type\":\"ReadAction\",\"target\":[\"https:\\\/\\\/www.pizzagirlpatrol.com\\\/pl\\\/produkt\\\/palermo-przewodnik-kulinarny\\\/\"]}]},{\"@type\":\"ImageObject\",\"inLanguage\":\"pl-PL\",\"@id\":\"https:\\\/\\\/www.pizzagirlpatrol.com\\\/pl\\\/produkt\\\/palermo-przewodnik-kulinarny\\\/#primaryimage\",\"url\":\"https:\\\/\\\/www.pizzagirlpatrol.com\\\/pl\\\/wp-content\\\/uploads\\\/2024\\\/03\\\/palermo-przeowdnik-kulinarny-cover.png\",\"contentUrl\":\"https:\\\/\\\/www.pizzagirlpatrol.com\\\/pl\\\/wp-content\\\/uploads\\\/2024\\\/03\\\/palermo-przeowdnik-kulinarny-cover.png\",\"width\":773,\"height\":1071},{\"@type\":\"BreadcrumbList\",\"@id\":\"https:\\\/\\\/www.pizzagirlpatrol.com\\\/pl\\\/produkt\\\/palermo-przewodnik-kulinarny\\\/#breadcrumb\",\"itemListElement\":[{\"@type\":\"ListItem\",\"position\":1,\"name\":\"Strona g\u0142\u00f3wna\",\"item\":\"https:\\\/\\\/www.pizzagirlpatrol.com\\\/pl\\\/\"},{\"@type\":\"ListItem\",\"position\":2,\"name\":\"Sklep\",\"item\":\"https:\\\/\\\/www.pizzagirlpatrol.com\\\/pl\\\/sklep2\\\/\"},{\"@type\":\"ListItem\",\"position\":3,\"name\":\"Palermo &#8211; przewodnik kulinarny. Najlepsze restauracje, pizzerie i bary\"}]},{\"@type\":\"WebSite\",\"@id\":\"https:\\\/\\\/www.pizzagirlpatrol.com\\\/pl\\\/#website\",\"url\":\"https:\\\/\\\/www.pizzagirlpatrol.com\\\/pl\\\/\",\"name\":\"Pizzagirlpatrol\",\"description\":\"Blog o w\u0142oskiej kuchni, Sycylii i podr\u00f3\u017cach po W\u0142oszech\",\"publisher\":{\"@id\":\"https:\\\/\\\/www.pizzagirlpatrol.com\\\/pl\\\/#organization\"},\"potentialAction\":[{\"@type\":\"SearchAction\",\"target\":{\"@type\":\"EntryPoint\",\"urlTemplate\":\"https:\\\/\\\/www.pizzagirlpatrol.com\\\/pl\\\/?s={search_term_string}\"},\"query-input\":{\"@type\":\"PropertyValueSpecification\",\"valueRequired\":true,\"valueName\":\"search_term_string\"}}],\"inLanguage\":\"pl-PL\"},{\"@type\":\"Organization\",\"@id\":\"https:\\\/\\\/www.pizzagirlpatrol.com\\\/pl\\\/#organization\",\"name\":\"Pizzagirlpatrol\",\"url\":\"https:\\\/\\\/www.pizzagirlpatrol.com\\\/pl\\\/\",\"logo\":{\"@type\":\"ImageObject\",\"inLanguage\":\"pl-PL\",\"@id\":\"https:\\\/\\\/www.pizzagirlpatrol.com\\\/pl\\\/#\\\/schema\\\/logo\\\/image\\\/\",\"url\":\"https:\\\/\\\/www.pizzagirlpatrol.com\\\/new\\\/wp-content\\\/uploads\\\/2017\\\/11\\\/pizzagirlpatrol-footer-logo.png\",\"contentUrl\":\"https:\\\/\\\/www.pizzagirlpatrol.com\\\/new\\\/wp-content\\\/uploads\\\/2017\\\/11\\\/pizzagirlpatrol-footer-logo.png\",\"width\":285,\"height\":285,\"caption\":\"Pizzagirlpatrol\"},\"image\":{\"@id\":\"https:\\\/\\\/www.pizzagirlpatrol.com\\\/pl\\\/#\\\/schema\\\/logo\\\/image\\\/\"}}]}<\/script>\n<!-- \/ Yoast SEO plugin. -->","yoast_head_json":{"title":"Palermo - przewodnik kulinarny. Najlepsze restauracje, pizzerie i bary - Pizzagirlpatrol","robots":{"index":"index","follow":"follow","max-snippet":"max-snippet:-1","max-image-preview":"max-image-preview:large","max-video-preview":"max-video-preview:-1"},"canonical":"https:\/\/www.pizzagirlpatrol.com\/pl\/produkt\/palermo-przewodnik-kulinarny\/","og_locale":"pl_PL","og_type":"article","og_title":"Palermo - przewodnik kulinarny. Najlepsze restauracje, pizzerie i bary - Pizzagirlpatrol","og_description":"Wersja cyfrowa ksi\u0105\u017cki E-book w formacie PDF Liczba stron: 144 Ostatnia aktualizacja: czerwiec 2025 Co znajdziesz w Ebooku?  60 opis\u00f3w sprawdzonych przeze mnie osobi\u015bcie miejsc w Palermo, w kt\u00f3rych nie tylko doskonale zjesz i do\u015bwiadczysz sycylijskiej atmosfery, ale kt\u00f3re te\u017c nie zrujnuj\u0105 Twojego portfela i oszcz\u0119dz\u0105 czas sp\u0119dzony na zastanawianiu si\u0119 gdzie dobrze zje\u015b\u0107!\u00a0 ca\u0142y rozdzia\u0142 po\u015bwi\u0119cony temu czego koniecznie spr\u00f3bowa\u0107 w Palermo - opisy da\u0144, deser\u00f3w i street-foodu razem ze zdj\u0119ciami, ciekawostkami i legendami na ich temat, ponad 170 moich autorskich zdj\u0119\u0107 apetycznego sycylijskiego jedzenia i wn\u0119trz lokali, przy ka\u017cdym opisywanym miejscu znajduj\u0105 si\u0119 linki do lokalizacji w aplikacji Google Maps, kt\u00f3re umo\u017cliwiaj\u0105 interaktywne przej\u015bcie z Ebooka do Google Maps za pomoc\u0105 jednego klikni\u0119cia myszki, symbole, kt\u00f3re dadz\u0105 pogl\u0105d jakich mniej wi\u0119cej cen spodziewa\u0107 si\u0119 w lokalu (niskie, \u015brednie lub wysokie), na podstawie mojej subiektywnej opinii, pi\u0119kn\u0105 opraw\u0119 graficzn\u0105, kt\u00f3ra umili Ci kulinarn\u0105 podr\u00f3\u017c w g\u0142\u0105b Sycylii, interaktywny spis tre\u015bci, kt\u00f3ry u\u0142atwi Ci czytanie eBooka moje cenne wskaz\u00f3wki dotycz\u0105ce tego, jakich sycylijskich specja\u0142\u00f3w warto spr\u00f3bowa\u0107 w poszczeg\u00f3lnych miejscach.  Decyduj\u0105c si\u0119 na zakup tego ebooka dostajesz dost\u0119p do unikatowych, cz\u0119sto aktualizowanych tre\u015bci, niedost\u0119pnych w komercyjnych przewodnikach. Po dokonaniu zap\u0142aty dostaniesz maila, w kt\u00f3rym b\u0119dzie link, za pomoc\u0105 kt\u00f3rego pobierzesz e-book. Je\u015bli wybierzesz \u201cprzelewy24\u201d to e-mail z ebookiem pojawi si\u0119 na Twojej skrzynce od razu po dokonaniu wp\u0142aty. Uwa\u017caj na liter\u00f3wki przy wpisywaniu swojego adresu e-mail. W razie problem\u00f3w z pobraniem e-booka napisz do mnie e-maila\u00a0info@pizzagirlpatrol.com. Jeden posi\u0142ek w \u017ale wybranej restauracji b\u0119dzie kosztowa\u0142 Ci\u0119 prawdopodobnie wi\u0119cej ni\u017c zakup mojego e-booka, w kt\u00f3rym dostaniesz dost\u0119p do dziesi\u0105tek sprawdzonych miejsc na Sycylii. Wybierz m\u0105drze! \u00a0","og_url":"https:\/\/www.pizzagirlpatrol.com\/pl\/produkt\/palermo-przewodnik-kulinarny\/","og_site_name":"Pizzagirlpatrol","article_modified_time":"2025-11-05T09:24:04+00:00","og_image":[{"width":773,"height":1071,"url":"https:\/\/www.pizzagirlpatrol.com\/pl\/wp-content\/uploads\/2024\/03\/palermo-przeowdnik-kulinarny-cover.png","type":"image\/png"}],"twitter_card":"summary_large_image","twitter_misc":{"Szacowany czas czytania":"3 minuty"},"schema":{"@context":"https:\/\/schema.org","@graph":[{"@type":"WebPage","@id":"https:\/\/www.pizzagirlpatrol.com\/pl\/produkt\/palermo-przewodnik-kulinarny\/","url":"https:\/\/www.pizzagirlpatrol.com\/pl\/produkt\/palermo-przewodnik-kulinarny\/","name":"Palermo - przewodnik kulinarny. Najlepsze restauracje, pizzerie i bary - Pizzagirlpatrol","isPartOf":{"@id":"https:\/\/www.pizzagirlpatrol.com\/pl\/#website"},"primaryImageOfPage":{"@id":"https:\/\/www.pizzagirlpatrol.com\/pl\/produkt\/palermo-przewodnik-kulinarny\/#primaryimage"},"image":{"@id":"https:\/\/www.pizzagirlpatrol.com\/pl\/produkt\/palermo-przewodnik-kulinarny\/#primaryimage"},"thumbnailUrl":"https:\/\/www.pizzagirlpatrol.com\/pl\/wp-content\/uploads\/2024\/03\/palermo-przeowdnik-kulinarny-cover.png","datePublished":"2022-09-28T10:43:17+00:00","dateModified":"2025-11-05T09:24:04+00:00","breadcrumb":{"@id":"https:\/\/www.pizzagirlpatrol.com\/pl\/produkt\/palermo-przewodnik-kulinarny\/#breadcrumb"},"inLanguage":"pl-PL","potentialAction":[{"@type":"ReadAction","target":["https:\/\/www.pizzagirlpatrol.com\/pl\/produkt\/palermo-przewodnik-kulinarny\/"]}]},{"@type":"ImageObject","inLanguage":"pl-PL","@id":"https:\/\/www.pizzagirlpatrol.com\/pl\/produkt\/palermo-przewodnik-kulinarny\/#primaryimage","url":"https:\/\/www.pizzagirlpatrol.com\/pl\/wp-content\/uploads\/2024\/03\/palermo-przeowdnik-kulinarny-cover.png","contentUrl":"https:\/\/www.pizzagirlpatrol.com\/pl\/wp-content\/uploads\/2024\/03\/palermo-przeowdnik-kulinarny-cover.png","width":773,"height":1071},{"@type":"BreadcrumbList","@id":"https:\/\/www.pizzagirlpatrol.com\/pl\/produkt\/palermo-przewodnik-kulinarny\/#breadcrumb","itemListElement":[{"@type":"ListItem","position":1,"name":"Strona g\u0142\u00f3wna","item":"https:\/\/www.pizzagirlpatrol.com\/pl\/"},{"@type":"ListItem","position":2,"name":"Sklep","item":"https:\/\/www.pizzagirlpatrol.com\/pl\/sklep2\/"},{"@type":"ListItem","position":3,"name":"Palermo &#8211; przewodnik kulinarny. Najlepsze restauracje, pizzerie i bary"}]},{"@type":"WebSite","@id":"https:\/\/www.pizzagirlpatrol.com\/pl\/#website","url":"https:\/\/www.pizzagirlpatrol.com\/pl\/","name":"Pizzagirlpatrol","description":"Blog o w\u0142oskiej kuchni, Sycylii i podr\u00f3\u017cach po W\u0142oszech","publisher":{"@id":"https:\/\/www.pizzagirlpatrol.com\/pl\/#organization"},"potentialAction":[{"@type":"SearchAction","target":{"@type":"EntryPoint","urlTemplate":"https:\/\/www.pizzagirlpatrol.com\/pl\/?s={search_term_string}"},"query-input":{"@type":"PropertyValueSpecification","valueRequired":true,"valueName":"search_term_string"}}],"inLanguage":"pl-PL"},{"@type":"Organization","@id":"https:\/\/www.pizzagirlpatrol.com\/pl\/#organization","name":"Pizzagirlpatrol","url":"https:\/\/www.pizzagirlpatrol.com\/pl\/","logo":{"@type":"ImageObject","inLanguage":"pl-PL","@id":"https:\/\/www.pizzagirlpatrol.com\/pl\/#\/schema\/logo\/image\/","url":"https:\/\/www.pizzagirlpatrol.com\/new\/wp-content\/uploads\/2017\/11\/pizzagirlpatrol-footer-logo.png","contentUrl":"https:\/\/www.pizzagirlpatrol.com\/new\/wp-content\/uploads\/2017\/11\/pizzagirlpatrol-footer-logo.png","width":285,"height":285,"caption":"Pizzagirlpatrol"},"image":{"@id":"https:\/\/www.pizzagirlpatrol.com\/pl\/#\/schema\/logo\/image\/"}}]}},"_links":{"self":[{"href":"https:\/\/www.pizzagirlpatrol.com\/pl\/wp-json\/wp\/v2\/product\/13791","targetHints":{"allow":["GET"]}}],"collection":[{"href":"https:\/\/www.pizzagirlpatrol.com\/pl\/wp-json\/wp\/v2\/product"}],"about":[{"href":"https:\/\/www.pizzagirlpatrol.com\/pl\/wp-json\/wp\/v2\/types\/product"}],"wp:featuredmedia":[{"embeddable":true,"href":"https:\/\/www.pizzagirlpatrol.com\/pl\/wp-json\/wp\/v2\/media\/15990"}],"wp:attachment":[{"href":"https:\/\/www.pizzagirlpatrol.com\/pl\/wp-json\/wp\/v2\/media?parent=13791"}],"wp:term":[{"taxonomy":"product_brand","embeddable":true,"href":"https:\/\/www.pizzagirlpatrol.com\/pl\/wp-json\/wp\/v2\/product_brand?post=13791"},{"taxonomy":"product_cat","embeddable":true,"href":"https:\/\/www.pizzagirlpatrol.com\/pl\/wp-json\/wp\/v2\/product_cat?post=13791"},{"taxonomy":"product_tag","embeddable":true,"href":"https:\/\/www.pizzagirlpatrol.com\/pl\/wp-json\/wp\/v2\/product_tag?post=13791"}],"curies":[{"name":"wp","href":"https:\/\/api.w.org\/{rel}","templated":true}]}}