{"id":10854,"date":"2020-07-08T23:27:59","date_gmt":"2020-07-08T21:27:59","guid":{"rendered":"https:\/\/www.pizzagirlpatrol.com\/koszyk\/"},"modified":"2020-07-08T23:38:12","modified_gmt":"2020-07-08T21:38:12","slug":"koszyk","status":"publish","type":"page","link":"https:\/\/www.pizzagirlpatrol.com\/pl\/koszyk\/","title":{"rendered":"Koszyk"},"content":{"rendered":"\n","protected":false},"excerpt":{"rendered":"","protected":false},"author":1,"featured_media":0,"parent":0,"menu_order":0,"comment_status":"closed","ping_status":"closed","template":"","meta":{"site-sidebar-layout":"default","site-content-layout":"","ast-site-content-layout":"default","site-content-style":"default","site-sidebar-style":"default","ast-global-header-display":"","ast-banner-title-visibility":"","ast-main-header-display":"","ast-hfb-above-header-display":"","ast-hfb-below-header-display":"","ast-hfb-mobile-header-display":"","site-post-title":"","ast-breadcrumbs-content":"","ast-featured-img":"","footer-sml-layout":"","ast-disable-related-posts":"","theme-transparent-header-meta":"","adv-header-id-meta":"","stick-header-meta":"","header-above-stick-meta":"","header-main-stick-meta":"","header-below-stick-meta":"","astra-migrate-meta-layouts":"default","ast-page-background-enabled":"default","ast-page-background-meta":{"desktop":{"background-color":"","background-image":"","background-repeat":"repeat","background-position":"center center","background-size":"auto","background-attachment":"scroll","background-type":"","background-media":"","overlay-type":"","overlay-color":"","overlay-opacity":"","overlay-gradient":""},"tablet":{"background-color":"","background-image":"","background-repeat":"repeat","background-position":"center center","background-size":"auto","background-attachment":"scroll","background-type":"","background-media":"","overlay-type":"","overlay-color":"","overlay-opacity":"","overlay-gradient":""},"mobile":{"background-color":"","background-image":"","background-repeat":"repeat","background-position":"center center","background-size":"auto","background-attachment":"scroll","background-type":"","background-media":"","overlay-type":"","overlay-color":"","overlay-opacity":"","overlay-gradient":""}},"ast-content-background-meta":{"desktop":{"background-color":"var(--ast-global-color-5)","background-image":"","background-repeat":"repeat","background-position":"center center","background-size":"auto","background-attachment":"scroll","background-type":"","background-media":"","overlay-type":"","overlay-color":"","overlay-opacity":"","overlay-gradient":""},"tablet":{"background-color":"var(--ast-global-color-5)","background-image":"","background-repeat":"repeat","background-position":"center center","background-size":"auto","background-attachment":"scroll","background-type":"","background-media":"","overlay-type":"","overlay-color":"","overlay-opacity":"","overlay-gradient":""},"mobile":{"background-color":"var(--ast-global-color-5)","background-image":"","background-repeat":"repeat","background-position":"center center","background-size":"auto","background-attachment":"scroll","background-type":"","background-media":"","overlay-type":"","overlay-color":"","overlay-opacity":"","overlay-gradient":""}},"footnotes":""},"class_list":["post-10854","page","type-page","status-publish","hentry"],"yoast_head":"<!-- This site is optimized with the Yoast SEO plugin v27.4 - https:\/\/yoast.com\/product\/yoast-seo-wordpress\/ -->\n<title>Koszyk - Pizzagirlpatrol<\/title>\n<meta name=\"robots\" content=\"index, follow, max-snippet:-1, max-image-preview:large, max-video-preview:-1\" \/>\n<link rel=\"canonical\" href=\"https:\/\/www.pizzagirlpatrol.com\/pl\/koszyk\/\" \/>\n<meta property=\"og:locale\" content=\"pl_PL\" \/>\n<meta property=\"og:type\" content=\"article\" \/>\n<meta property=\"og:title\" content=\"Koszyk - Pizzagirlpatrol\" \/>\n<meta property=\"og:url\" content=\"https:\/\/www.pizzagirlpatrol.com\/pl\/koszyk\/\" \/>\n<meta property=\"og:site_name\" content=\"Pizzagirlpatrol\" \/>\n<meta property=\"article:modified_time\" content=\"2020-07-08T21:38:12+00:00\" \/>\n<meta name=\"twitter:card\" content=\"summary_large_image\" \/>\n<script type=\"application\/ld+json\" class=\"yoast-schema-graph\">{\"@context\":\"https:\\\/\\\/schema.org\",\"@graph\":[{\"@type\":\"WebPage\",\"@id\":\"https:\\\/\\\/www.pizzagirlpatrol.com\\\/pl\\\/koszyk\\\/\",\"url\":\"https:\\\/\\\/www.pizzagirlpatrol.com\\\/pl\\\/koszyk\\\/\",\"name\":\"Koszyk - Pizzagirlpatrol\",\"isPartOf\":{\"@id\":\"https:\\\/\\\/www.pizzagirlpatrol.com\\\/pl\\\/#website\"},\"datePublished\":\"2020-07-08T21:27:59+00:00\",\"dateModified\":\"2020-07-08T21:38:12+00:00\",\"breadcrumb\":{\"@id\":\"https:\\\/\\\/www.pizzagirlpatrol.com\\\/pl\\\/koszyk\\\/#breadcrumb\"},\"inLanguage\":\"pl-PL\",\"potentialAction\":[{\"@type\":\"ReadAction\",\"target\":[\"https:\\\/\\\/www.pizzagirlpatrol.com\\\/pl\\\/koszyk\\\/\"]}]},{\"@type\":\"BreadcrumbList\",\"@id\":\"https:\\\/\\\/www.pizzagirlpatrol.com\\\/pl\\\/koszyk\\\/#breadcrumb\",\"itemListElement\":[{\"@type\":\"ListItem\",\"position\":1,\"name\":\"Strona g\u0142\u00f3wna\",\"item\":\"https:\\\/\\\/www.pizzagirlpatrol.com\\\/pl\\\/\"},{\"@type\":\"ListItem\",\"position\":2,\"name\":\"Koszyk\"}]},{\"@type\":\"WebSite\",\"@id\":\"https:\\\/\\\/www.pizzagirlpatrol.com\\\/pl\\\/#website\",\"url\":\"https:\\\/\\\/www.pizzagirlpatrol.com\\\/pl\\\/\",\"name\":\"Pizzagirlpatrol\",\"description\":\"Blog o w\u0142oskiej kuchni, Sycylii i podr\u00f3\u017cach po W\u0142oszech\",\"publisher\":{\"@id\":\"https:\\\/\\\/www.pizzagirlpatrol.com\\\/pl\\\/#organization\"},\"potentialAction\":[{\"@type\":\"SearchAction\",\"target\":{\"@type\":\"EntryPoint\",\"urlTemplate\":\"https:\\\/\\\/www.pizzagirlpatrol.com\\\/pl\\\/?s={search_term_string}\"},\"query-input\":{\"@type\":\"PropertyValueSpecification\",\"valueRequired\":true,\"valueName\":\"search_term_string\"}}],\"inLanguage\":\"pl-PL\"},{\"@type\":\"Organization\",\"@id\":\"https:\\\/\\\/www.pizzagirlpatrol.com\\\/pl\\\/#organization\",\"name\":\"Pizzagirlpatrol\",\"url\":\"https:\\\/\\\/www.pizzagirlpatrol.com\\\/pl\\\/\",\"logo\":{\"@type\":\"ImageObject\",\"inLanguage\":\"pl-PL\",\"@id\":\"https:\\\/\\\/www.pizzagirlpatrol.com\\\/pl\\\/#\\\/schema\\\/logo\\\/image\\\/\",\"url\":\"https:\\\/\\\/www.pizzagirlpatrol.com\\\/new\\\/wp-content\\\/uploads\\\/2017\\\/11\\\/pizzagirlpatrol-footer-logo.png\",\"contentUrl\":\"https:\\\/\\\/www.pizzagirlpatrol.com\\\/new\\\/wp-content\\\/uploads\\\/2017\\\/11\\\/pizzagirlpatrol-footer-logo.png\",\"width\":285,\"height\":285,\"caption\":\"Pizzagirlpatrol\"},\"image\":{\"@id\":\"https:\\\/\\\/www.pizzagirlpatrol.com\\\/pl\\\/#\\\/schema\\\/logo\\\/image\\\/\"}}]}<\/script>\n<!-- \/ Yoast SEO plugin. -->","yoast_head_json":{"title":"Koszyk - Pizzagirlpatrol","robots":{"index":"index","follow":"follow","max-snippet":"max-snippet:-1","max-image-preview":"max-image-preview:large","max-video-preview":"max-video-preview:-1"},"canonical":"https:\/\/www.pizzagirlpatrol.com\/pl\/koszyk\/","og_locale":"pl_PL","og_type":"article","og_title":"Koszyk - Pizzagirlpatrol","og_url":"https:\/\/www.pizzagirlpatrol.com\/pl\/koszyk\/","og_site_name":"Pizzagirlpatrol","article_modified_time":"2020-07-08T21:38:12+00:00","twitter_card":"summary_large_image","schema":{"@context":"https:\/\/schema.org","@graph":[{"@type":"WebPage","@id":"https:\/\/www.pizzagirlpatrol.com\/pl\/koszyk\/","url":"https:\/\/www.pizzagirlpatrol.com\/pl\/koszyk\/","name":"Koszyk - Pizzagirlpatrol","isPartOf":{"@id":"https:\/\/www.pizzagirlpatrol.com\/pl\/#website"},"datePublished":"2020-07-08T21:27:59+00:00","dateModified":"2020-07-08T21:38:12+00:00","breadcrumb":{"@id":"https:\/\/www.pizzagirlpatrol.com\/pl\/koszyk\/#breadcrumb"},"inLanguage":"pl-PL","potentialAction":[{"@type":"ReadAction","target":["https:\/\/www.pizzagirlpatrol.com\/pl\/koszyk\/"]}]},{"@type":"BreadcrumbList","@id":"https:\/\/www.pizzagirlpatrol.com\/pl\/koszyk\/#breadcrumb","itemListElement":[{"@type":"ListItem","position":1,"name":"Strona g\u0142\u00f3wna","item":"https:\/\/www.pizzagirlpatrol.com\/pl\/"},{"@type":"ListItem","position":2,"name":"Koszyk"}]},{"@type":"WebSite","@id":"https:\/\/www.pizzagirlpatrol.com\/pl\/#website","url":"https:\/\/www.pizzagirlpatrol.com\/pl\/","name":"Pizzagirlpatrol","description":"Blog o w\u0142oskiej kuchni, Sycylii i podr\u00f3\u017cach po W\u0142oszech","publisher":{"@id":"https:\/\/www.pizzagirlpatrol.com\/pl\/#organization"},"potentialAction":[{"@type":"SearchAction","target":{"@type":"EntryPoint","urlTemplate":"https:\/\/www.pizzagirlpatrol.com\/pl\/?s={search_term_string}"},"query-input":{"@type":"PropertyValueSpecification","valueRequired":true,"valueName":"search_term_string"}}],"inLanguage":"pl-PL"},{"@type":"Organization","@id":"https:\/\/www.pizzagirlpatrol.com\/pl\/#organization","name":"Pizzagirlpatrol","url":"https:\/\/www.pizzagirlpatrol.com\/pl\/","logo":{"@type":"ImageObject","inLanguage":"pl-PL","@id":"https:\/\/www.pizzagirlpatrol.com\/pl\/#\/schema\/logo\/image\/","url":"https:\/\/www.pizzagirlpatrol.com\/new\/wp-content\/uploads\/2017\/11\/pizzagirlpatrol-footer-logo.png","contentUrl":"https:\/\/www.pizzagirlpatrol.com\/new\/wp-content\/uploads\/2017\/11\/pizzagirlpatrol-footer-logo.png","width":285,"height":285,"caption":"Pizzagirlpatrol"},"image":{"@id":"https:\/\/www.pizzagirlpatrol.com\/pl\/#\/schema\/logo\/image\/"}}]}},"_links":{"self":[{"href":"https:\/\/www.pizzagirlpatrol.com\/pl\/wp-json\/wp\/v2\/pages\/10854","targetHints":{"allow":["GET"]}}],"collection":[{"href":"https:\/\/www.pizzagirlpatrol.com\/pl\/wp-json\/wp\/v2\/pages"}],"about":[{"href":"https:\/\/www.pizzagirlpatrol.com\/pl\/wp-json\/wp\/v2\/types\/page"}],"author":[{"embeddable":true,"href":"https:\/\/www.pizzagirlpatrol.com\/pl\/wp-json\/wp\/v2\/users\/1"}],"replies":[{"embeddable":true,"href":"https:\/\/www.pizzagirlpatrol.com\/pl\/wp-json\/wp\/v2\/comments?post=10854"}],"version-history":[{"count":1,"href":"https:\/\/www.pizzagirlpatrol.com\/pl\/wp-json\/wp\/v2\/pages\/10854\/revisions"}],"predecessor-version":[{"id":10860,"href":"https:\/\/www.pizzagirlpatrol.com\/pl\/wp-json\/wp\/v2\/pages\/10854\/revisions\/10860"}],"wp:attachment":[{"href":"https:\/\/www.pizzagirlpatrol.com\/pl\/wp-json\/wp\/v2\/media?parent=10854"}],"curies":[{"name":"wp","href":"https:\/\/api.w.org\/{rel}","templated":true}]}}